{"id":9336,"date":"2024-07-25T18:39:36","date_gmt":"2024-07-25T18:39:36","guid":{"rendered":"https:\/\/dicim.facmed.unam.mx\/?page_id=9336"},"modified":"2025-11-09T16:23:25","modified_gmt":"2025-11-09T16:23:25","slug":"1-dia-de-interprofesionalismo","status":"publish","type":"page","link":"https:\/\/dicim.facmed.unam.mx\/index.php\/1-dia-de-interprofesionalismo\/","title":{"rendered":"1 D\u00cdA DE INTERPROFESIONALISMO"},"content":{"rendered":"<p>[et_pb_section fb_built=\u00bb1&#8243; _builder_version=\u00bb4.27.4&#8243; background_color=\u00bb#ffffff\u00bb background_image=\u00bbhttps:\/\/dicim.facmed.unam.mx\/wp-content\/uploads\/2025\/10\/1DIP.web_01-scaled.jpg\u00bb custom_padding=\u00bb50px|0px|50px|0px|false|false\u00bb global_colors_info=\u00bb{}\u00bb][et_pb_row column_structure=\u00bb3_5,2_5&#8243; _builder_version=\u00bb4.16&#8243; custom_padding=\u00bb50px||0px|||\u00bb global_colors_info=\u00bb{}\u00bb][et_pb_column type=\u00bb3_5&#8243; _builder_version=\u00bb4.16&#8243; global_colors_info=\u00bb{}\u00bb custom_padding__hover=\u00bb|||\u00bb][et_pb_text _builder_version=\u00bb4.27.4&#8243; background_layout=\u00bbdark\u00bb custom_margin=\u00bb||50px|||\u00bb custom_padding=\u00bb||0px|||\u00bb animation_style=\u00bbbounce\u00bb animation_direction=\u00bbleft\u00bb global_colors_info=\u00bb{}\u00bb]<\/p>\n<h1 style=\"text-align: left;\"><span style=\"font-size: x-large;\"><strong>1<\/strong> D\u00cdA DE <span style=\"color: #00ffff;\"><strong>INTERPROFESIONALISMO<\/strong><\/span><\/span><\/h1>\n<p style=\"text-align: left;\"><strong><span color=\"#dd9d1c\"><span style=\"color: #00ffff;\">12 \u00b7 NOVIEMBRE \u00b7 2025<\/span> | FACMED &#8211; UNAM <\/span><\/strong><span color=\"#dd9d1c\">EN COLABORACI\u00d3N CON<\/span><strong><span color=\"#dd9d1c\"> USF<\/span><\/strong><\/p>\n<p>[\/et_pb_text][et_pb_text _builder_version=\u00bb4.27.4&#8243; background_layout=\u00bbdark\u00bb custom_margin=\u00bb1px|||||\u00bb custom_padding=\u00bb0px|||||\u00bb animation_style=\u00bbbounce\u00bb animation_direction=\u00bbbottom\u00bb global_colors_info=\u00bb{}\u00bb]<\/p>\n<h2>GENERALIDADES<\/h2>\n<p><span style=\"color: #ffcc00;\"><strong>Dirigido a: <\/strong><\/span>Estudiantes de todas las licenciaturas<br \/><span style=\"color: #ffcc00;\"><strong>Duraci\u00f3n: <\/strong><\/span>07:30 &#8211; 15:30 h | <span style=\"color: #ffcc00;\"><strong>Modalidad:<\/strong><\/span> Presencial<br \/><span style=\"color: #ffcc00;\"><strong>Ubicaci\u00f3n: <\/strong><\/span>Auditorio Dr. Raoul Fornier Villada FACMED \u00b7 UNAM | <strong><span style=\"text-decoration: underline; color: #00ffff;\"><a href=\"https:\/\/maps.app.goo.gl\/pACez84fBaVPHcGp6\" target=\"_blank\" rel=\"noopener\" style=\"color: #00ffff;\">VER M<\/a>APA<\/span><\/strong><br \/><span style=\"font-size: 14px;\"><\/span><span style=\"color: #99cc00;\"><strong>Objetivo: <\/strong><\/span><span style=\"font-weight: 400;\">Desarrollar habilidades de comunicaci\u00f3n y colaboraci\u00f3n, e<\/span><span style=\"font-weight: 400;\">ntender mejor el rol y las capacidades de cada profesi\u00f3n en el equipo y f<\/span><span style=\"font-weight: 400;\">omentar el respeto y la confianza mutua entre diferentes disciplinas.<\/span><span style=\"font-size: 14px;\"><\/span><\/p>\n<p><span style=\"font-weight: 400;\"><\/span><\/p>\n<p><span style=\"font-weight: 400;\"><\/span><\/p>\n<p><span style=\"font-weight: 400;\"><\/span><\/p>\n<h2 style=\"text-align: justify;\">INSCR\u00cdBETE AHORA<\/h2>\n<p style=\"text-align: justify;\">[\/et_pb_text][et_pb_button button_url=\u00bbhttps:\/\/forms.gle\/WULHKiewsX1tfAAQA\u00bb url_new_window=\u00bbon\u00bb button_text=\u00bbINSCRIPCI\u00d3N\u00bb _builder_version=\u00bb4.27.4&#8243; custom_button=\u00bbon\u00bb button_text_size=\u00bb17px\u00bb button_text_color=\u00bb#ffffff\u00bb button_bg_color=\u00bb#1FD7E0&#8243; button_border_color=\u00bb#1FD7E0&#8243; button_font=\u00bb||||||||\u00bb custom_margin=\u00bb-16px|||||\u00bb animation_style=\u00bbbounce\u00bb animation_direction=\u00bbleft\u00bb global_colors_info=\u00bb{}\u00bb][\/et_pb_button][et_pb_text _builder_version=\u00bb4.27.4&#8243; background_layout=\u00bbdark\u00bb custom_margin=\u00bb1px|||||\u00bb custom_padding=\u00bb0px|||||\u00bb animation_style=\u00bbbounce\u00bb animation_direction=\u00bbbottom\u00bb global_colors_info=\u00bb{}\u00bb]<\/p>\n<p><span style=\"color: #00ffff;\"><strong>IMPORTANTE:<\/strong> <\/span>Solo se otorgar\u00e1 constancia de participaci\u00f3n a los estudiantes que cumplan con todas las actividades acad\u00e9micas de la jornada.<span style=\"color: #212a38;\"><span style=\"color: #666666;\"><br \/><\/span><\/span><span style=\"color: #0642ff;\"><\/span><\/p>\n<p style=\"text-align: justify;\">[\/et_pb_text][\/et_pb_column][et_pb_column type=\u00bb2_5&#8243; _builder_version=\u00bb4.16&#8243; global_colors_info=\u00bb{}\u00bb custom_padding__hover=\u00bb|||\u00bb][et_pb_image src=\u00bbhttps:\/\/dicim.facmed.unam.mx\/wp-content\/uploads\/2025\/11\/DICiM-Cartel-E_03-scaled.jpg\u00bb title_text=\u00bbDICiM &#8211; Cartel-E_03&#8243; align_tablet=\u00bbcenter\u00bb align_phone=\u00bbcenter\u00bb align_last_edited=\u00bbon|desktop\u00bb _builder_version=\u00bb4.27.4&#8243; custom_margin=\u00bb||20px|||\u00bb animation_style=\u00bbbounce\u00bb animation_direction=\u00bbright\u00bb global_colors_info=\u00bb{}\u00bb][\/et_pb_image][\/et_pb_column][\/et_pb_row][\/et_pb_section][et_pb_section fb_built=\u00bb1&#8243; _builder_version=\u00bb4.27.4&#8243; _module_preset=\u00bbdefault\u00bb background_image=\u00bbhttps:\/\/dicim.facmed.unam.mx\/wp-content\/uploads\/2025\/10\/1DIP.web_02-2-scaled.jpg\u00bb parallax=\u00bbon\u00bb global_colors_info=\u00bb{}\u00bb][et_pb_row _builder_version=\u00bb4.27.0&#8243; _module_preset=\u00bbdefault\u00bb custom_padding=\u00bb||2px|||\u00bb global_colors_info=\u00bb{}\u00bb][et_pb_column type=\u00bb4_4&#8243; _builder_version=\u00bb4.27.0&#8243; _module_preset=\u00bbdefault\u00bb global_colors_info=\u00bb{}\u00bb][et_pb_text _builder_version=\u00bb4.27.4&#8243; _module_preset=\u00bbdefault\u00bb background_layout=\u00bbdark\u00bb animation_style=\u00bbbounce\u00bb animation_direction=\u00bbbottom\u00bb global_colors_info=\u00bb{}\u00bb]<\/p>\n<h2><span style=\"color: #00ffff;\">PROGRAMA DE ACTIVIDADES<\/span><span style=\"color: #3366ff;\"><\/span><\/h2>\n<p><span style=\"color: #3366ff;\"><\/span><\/p>\n<table border=\"0\" style=\"height: 118px; width: 100%; border-collapse: collapse; border-style: hidden; float: left;\" cellspacing=\"-50\" cellpadding=\"-30\">\n<tbody>\n<tr style=\"height: 24px;\">\n<td style=\"height: 24px; width: 78.7969px;\"><span style=\"color: #3366ff;\"><strong>HORA<\/strong><\/span><\/td>\n<td style=\"width: 285.047px; height: 24px;\"><span style=\"color: #99cc00;\"><strong>ACTIVIDAD<\/strong><\/span><\/td>\n<td style=\"width: 206.156px; height: 24px;\"><span style=\"color: #00ffff;\"><strong>TEMAS<\/strong><\/span><\/td>\n<\/tr>\n<tr style=\"height: 24px;\">\n<td style=\"height: 24px; width: 78.7969px;\">\n<p><strong><span style=\"color: #3366ff;\">07:30 \u2013 08:20<\/span><\/strong><\/p>\n<p><strong><span style=\"color: #3366ff;\"><\/span><\/strong><\/p>\n<\/td>\n<td style=\"width: 285.047px; height: 24px;\"><strong><span style=\"color: #99cc00;\">Registro | <\/span><\/strong><strong style=\"font-size: 13px;\"><span style=\"color: #99cc00;\">Bienvenida<\/span><\/strong><\/td>\n<td style=\"width: 206.156px; height: 24px;\"><span style=\"font-weight: 400;\"><span style=\"color: #00ffff;\"><strong>Bienvenida interprofesionalismo<\/strong><\/span><br \/><\/span><span style=\"font-weight: 400; color: #ffffff;\"><strong>Dr. Haru Okuda<\/strong> (USF)<br \/><\/span><span style=\"font-weight: 400; color: #ffffff;\"><strong>Dr. Sten Vermund<\/strong> (Decano USF)<br \/><strong>Dr. Lockwood<\/strong> (USF)<br \/><strong>Dra. Ana Carolina Sep\u00falveda Vild\u00f3sola<\/strong> (Directora FACMED \/ UNAM)<\/span><span style=\"font-weight: 400; color: #ffffff;\"><\/span><\/td>\n<\/tr>\n<tr style=\"height: 10px;\">\n<td style=\"height: 10px; width: 78.7969px;\"><strong><span style=\"color: #3366ff;\">08:20 \u2013 09:50<\/span><\/strong><\/td>\n<td style=\"width: 285.047px; height: 10px;\"><strong><span style=\"color: #99cc00;\">Ciclo de di\u00e1logos<\/span><\/strong><\/td>\n<td style=\"width: 206.156px; height: 10px;\"><span style=\"color: #00ffff;\"><b>Conferencia plenaria 1<\/b><\/span><span style=\"font-weight: 400;\"><br \/><\/span><span style=\"font-weight: 400; color: #f89a00;\"><span style=\"color: #99cc00;\"><strong>Dr. William Lee<\/strong> (UNAM)<\/span><\/span><\/td>\n<\/tr>\n<tr style=\"height: 10px;\">\n<td style=\"height: 10px; width: 78.7969px;\"><strong><span style=\"color: #3366ff;\">09:50 \u2013 09:55<\/span><\/strong><\/td>\n<td style=\"width: 285.047px; height: 10px;\"><strong><span style=\"color: #99cc00;\">Receso<\/span><\/strong><\/td>\n<td style=\"width: 206.156px; height: 10px;\"><\/td>\n<\/tr>\n<tr style=\"height: 10px;\">\n<td style=\"height: 10px; width: 78.7969px;\"><strong><span style=\"color: #3366ff;\">09:55 \u2013 10:00<\/span><\/strong><\/td>\n<td style=\"width: 285.047px; height: 10px;\"><strong><span style=\"color: #99cc00;\">Ciclo de di\u00e1logos<\/span><\/strong><\/td>\n<td style=\"width: 206.156px; height: 10px;\">\n<p><span style=\"color: #99cc00; font-size: 13px;\"><span style=\"color: #00ffff;\"><strong>Conferencia plenaria 2<\/strong><\/span><br \/><strong>Dr. Bruce Fouke<\/strong> (U. Ilinois)<\/span><\/p>\n<p><span style=\"color: #00ffff;\"><strong>Conferencia plenaria 3<\/strong><\/span><br \/><span style=\"font-weight: 400;\"><span style=\"color: #f89a00;\"><span style=\"color: #99cc00;\"><strong>Dra. Carolyn Audet<\/strong> (Vanderbilt)<\/span><\/span><\/span><\/p>\n<\/td>\n<\/tr>\n<tr>\n<td style=\"width: 78.7969px;\"><strong><span style=\"color: #3366ff;\">10:00 \u2013 10:05<\/span><\/strong><\/td>\n<td style=\"width: 285.047px;\"><strong><span style=\"color: #99cc00;\">Receso<\/span><\/strong><\/td>\n<td style=\"width: 206.156px;\"><span style=\"color: #99cc00; font-size: 13px;\"><span style=\"color: #00ffff;\"><strong>\u00a0<\/strong><\/span><\/span><\/td>\n<\/tr>\n<tr>\n<td style=\"width: 78.7969px;\"><strong><span style=\"color: #3366ff;\">10:05 \u2013 11:00<\/span><\/strong><\/td>\n<td style=\"width: 285.047px;\"><strong><span style=\"color: #99cc00;\">Ciclo de di\u00e1logos<\/span><\/strong><\/td>\n<td style=\"width: 206.156px;\">\n<p><span style=\"color: #99cc00; font-size: 13px;\"><span style=\"color: #00ffff;\"><strong><span style=\"color: #ff0b24;\"><span style=\"color: #00ffff;\">Panel de discusi\u00f3n<\/span><br \/><span style=\"font-weight: 400; color: #99cc00;\"><strong>Dra. <\/strong><span style=\"font-weight: 400;\"><span style=\"color: #f89a00;\"><span style=\"color: #99cc00;\"><strong>Carolyn Audet<\/strong> (Vanderbilt)<br \/><strong>Dr. Bruce Fouke<\/strong> (U. Ilinois)<br \/><strong>Dr. Juan Carlos Zenteno Ruiz<\/strong> (UNAM)<\/span><\/span><\/span><\/span><\/span><\/strong><\/span><\/span><span style=\"font-size: 13px;\">\u00a0<\/span><\/p>\n<p><span style=\"color: #99cc00; font-size: 13px;\"><span style=\"color: #00ffff;\"><strong><span style=\"color: #ff0b24;\"><span style=\"font-weight: 400; color: #99cc00;\"><span style=\"font-weight: 400;\"><span style=\"color: #f89a00;\"><span style=\"color: #99cc00;\"><span style=\"color: #00ffff;\"><strong>Agradecimientos y cierre<\/strong><\/span><br \/><strong>Dra. Ana Carolina Sep\u00falveda Vild\u00f3sola<\/strong> (Directora FACMED \/ UNAM)<\/span><\/span><\/span><\/span><\/span><\/strong><\/span><\/span><\/p>\n<\/td>\n<\/tr>\n<tr>\n<td style=\"width: 78.7969px;\"><strong><span style=\"color: #3366ff;\">11:00 \u2013 12:00<\/span><\/strong><\/td>\n<td style=\"width: 285.047px;\"><strong><span style=\"color: #99cc00;\">Receso | Almuerzo<\/span><\/strong><\/td>\n<td style=\"width: 206.156px;\"><span style=\"color: #00ffff;\"><strong>\u00a0<\/strong><\/span><\/td>\n<\/tr>\n<tr style=\"height: 10px;\">\n<td style=\"height: 10px; width: 78.7969px;\"><strong><span style=\"color: #3366ff;\">12:00 \u2013 15:30<\/span><\/strong><\/td>\n<td style=\"width: 285.047px; height: 10px;\"><strong><span style=\"color: #99cc00;\">Hackathon<\/span><\/strong><\/td>\n<td style=\"width: 206.156px; height: 10px;\"><span style=\"color: #00ffff;\"><strong>Competencia estudiantil interprofesional<\/strong><\/span><\/td>\n<\/tr>\n<\/tbody>\n<\/table>\n<p>&nbsp;<\/p>\n<p>[\/et_pb_text][\/et_pb_column][\/et_pb_row][et_pb_row _builder_version=\u00bb4.27.4&#8243; _module_preset=\u00bbdefault\u00bb custom_padding=\u00bb||0px|||\u00bb global_colors_info=\u00bb{}\u00bb][et_pb_column type=\u00bb4_4&#8243; _builder_version=\u00bb4.27.4&#8243; _module_preset=\u00bbdefault\u00bb global_colors_info=\u00bb{}\u00bb][et_pb_text _builder_version=\u00bb4.27.4&#8243; _module_preset=\u00bbdefault\u00bb background_layout=\u00bbdark\u00bb global_colors_info=\u00bb{}\u00bb]<\/p>\n<h2>PONENTES CICLO DE DI\u00c1LOGOS<span style=\"color: #3366ff;\"><\/span><\/h2>\n<p>[\/et_pb_text][\/et_pb_column][\/et_pb_row][et_pb_row column_structure=\u00bb1_3,1_3,1_3&#8243; _builder_version=\u00bb4.27.0&#8243; _module_preset=\u00bbdefault\u00bb custom_padding=\u00bb0px|||||\u00bb global_colors_info=\u00bb{}\u00bb][et_pb_column type=\u00bb1_3&#8243; _builder_version=\u00bb4.27.0&#8243; _module_preset=\u00bbdefault\u00bb global_colors_info=\u00bb{}\u00bb][et_pb_blurb title=\u00bbPonente 1&#8243; image=\u00bbhttps:\/\/dicim.facmed.unam.mx\/wp-content\/uploads\/2025\/10\/1DIP.web_04.png\u00bb _builder_version=\u00bb4.27.4&#8243; _module_preset=\u00bbdefault\u00bb header_level=\u00bbh5&#8243; header_text_color=\u00bb#FFFFFF\u00bb header_font_size=\u00bb17px\u00bb header_line_height=\u00bb1.5em\u00bb body_text_color=\u00bb#FFFFFF\u00bb body_font_size=\u00bb11px\u00bb body_line_height=\u00bb1.5em\u00bb global_colors_info=\u00bb{}\u00bb]<\/p>\n<p>Breve rese\u00f1a curricular.<\/p>\n<p>[\/et_pb_blurb][\/et_pb_column][et_pb_column type=\u00bb1_3&#8243; _builder_version=\u00bb4.27.4&#8243; _module_preset=\u00bbdefault\u00bb global_colors_info=\u00bb{}\u00bb][et_pb_blurb title=\u00bbPonente 2&#8243; image=\u00bbhttps:\/\/dicim.facmed.unam.mx\/wp-content\/uploads\/2025\/10\/1DIP.web_04.png\u00bb _builder_version=\u00bb4.27.4&#8243; _module_preset=\u00bbdefault\u00bb header_level=\u00bbh5&#8243; header_text_color=\u00bb#FFFFFF\u00bb header_font_size=\u00bb17px\u00bb header_line_height=\u00bb1.5em\u00bb body_text_color=\u00bb#FFFFFF\u00bb body_font_size=\u00bb11px\u00bb body_line_height=\u00bb1.5em\u00bb global_colors_info=\u00bb{}\u00bb]<\/p>\n<p>Breve rese\u00f1a curricular.<\/p>\n<p>[\/et_pb_blurb][\/et_pb_column][et_pb_column type=\u00bb1_3&#8243; _builder_version=\u00bb4.27.0&#8243; _module_preset=\u00bbdefault\u00bb global_colors_info=\u00bb{}\u00bb][et_pb_blurb title=\u00bbPonente 3&#8243; image=\u00bbhttps:\/\/dicim.facmed.unam.mx\/wp-content\/uploads\/2025\/10\/1DIP.web_04.png\u00bb _builder_version=\u00bb4.27.4&#8243; _module_preset=\u00bbdefault\u00bb header_level=\u00bbh5&#8243; header_text_color=\u00bb#FFFFFF\u00bb header_font_size=\u00bb17px\u00bb header_line_height=\u00bb1.5em\u00bb body_text_color=\u00bb#FFFFFF\u00bb body_font_size=\u00bb11px\u00bb body_line_height=\u00bb1.5em\u00bb global_colors_info=\u00bb{}\u00bb]<\/p>\n<p>Breve rese\u00f1a curricular.<\/p>\n<p>[\/et_pb_blurb][\/et_pb_column][\/et_pb_row][\/et_pb_section]<\/p>\n","protected":false},"excerpt":{"rendered":"<p>1 D\u00cdA DE INTERPROFESIONALISMO 12 \u00b7 NOVIEMBRE \u00b7 2025 | FACMED &#8211; UNAM EN COLABORACI\u00d3N CON USFGENERALIDADES Dirigido a: Estudiantes de todas las licenciaturasDuraci\u00f3n: 07:30 &#8211; 15:30 h | Modalidad: PresencialUbicaci\u00f3n: Auditorio Dr. Raoul Fornier Villada FACMED \u00b7 UNAM | VER MAPAObjetivo: Desarrollar habilidades de comunicaci\u00f3n y colaboraci\u00f3n, entender mejor el rol y las capacidades [&hellip;]<\/p>\n","protected":false},"author":3,"featured_media":0,"parent":0,"menu_order":0,"comment_status":"closed","ping_status":"closed","template":"","meta":{"_et_pb_use_builder":"on","_et_pb_old_content":"","_et_gb_content_width":"","footnotes":""},"class_list":["post-9336","page","type-page","status-publish","hentry"],"jetpack_sharing_enabled":true,"jetpack_shortlink":"https:\/\/wp.me\/PaRPU8-2qA","_links":{"self":[{"href":"https:\/\/dicim.facmed.unam.mx\/index.php\/wp-json\/wp\/v2\/pages\/9336","targetHints":{"allow":["GET"]}}],"collection":[{"href":"https:\/\/dicim.facmed.unam.mx\/index.php\/wp-json\/wp\/v2\/pages"}],"about":[{"href":"https:\/\/dicim.facmed.unam.mx\/index.php\/wp-json\/wp\/v2\/types\/page"}],"author":[{"embeddable":true,"href":"https:\/\/dicim.facmed.unam.mx\/index.php\/wp-json\/wp\/v2\/users\/3"}],"replies":[{"embeddable":true,"href":"https:\/\/dicim.facmed.unam.mx\/index.php\/wp-json\/wp\/v2\/comments?post=9336"}],"version-history":[{"count":70,"href":"https:\/\/dicim.facmed.unam.mx\/index.php\/wp-json\/wp\/v2\/pages\/9336\/revisions"}],"predecessor-version":[{"id":10752,"href":"https:\/\/dicim.facmed.unam.mx\/index.php\/wp-json\/wp\/v2\/pages\/9336\/revisions\/10752"}],"wp:attachment":[{"href":"https:\/\/dicim.facmed.unam.mx\/index.php\/wp-json\/wp\/v2\/media?parent=9336"}],"curies":[{"name":"wp","href":"https:\/\/api.w.org\/{rel}","templated":true}]}}