{"id":9309,"date":"2024-06-26T19:34:24","date_gmt":"2024-06-26T19:34:24","guid":{"rendered":"https:\/\/dicim.facmed.unam.mx\/?page_id=9309"},"modified":"2026-01-26T17:32:50","modified_gmt":"2026-01-26T17:32:50","slug":"seguridad-del-paciente","status":"publish","type":"page","link":"https:\/\/dicim.facmed.unam.mx\/index.php\/seguridad-del-paciente\/","title":{"rendered":"SEGURIDAD DEL PACIENTE"},"content":{"rendered":"<p>[et_pb_section fb_built=\u00bb1&#8243; _builder_version=\u00bb4.27.5&#8243; background_color=\u00bbrgba(255,255,255,0.94)\u00bb custom_margin=\u00bb||-1px|||\u00bb custom_padding=\u00bb50px|0px|50px|0px|false|false\u00bb global_colors_info=\u00bb{}\u00bb][et_pb_row _builder_version=\u00bb4.16&#8243; custom_padding=\u00bb3px||1px|||\u00bb global_colors_info=\u00bb{}\u00bb][et_pb_column type=\u00bb4_4&#8243; _builder_version=\u00bb4.16&#8243; global_colors_info=\u00bb{}\u00bb custom_padding__hover=\u00bb|||\u00bb][et_pb_text _builder_version=\u00bb4.27.5&#8243; animation_style=\u00bbbounce\u00bb animation_direction=\u00bbleft\u00bb global_colors_info=\u00bb{}\u00bb]<\/p>\n<h3 style=\"text-align: left;\"><span style=\"color: #0642ff;\">SEGURIDAD DEL PACIENTE: LA CLAVE PARA UNA ATENCI\u00d3N DE CALIDAD<\/span><\/h3>\n<p style=\"text-align: left;\"><strong>CURSO EN L\u00cdNE@ AUTOGESTIVO<\/strong><\/p>\n<p>[\/et_pb_text][\/et_pb_column][\/et_pb_row][et_pb_row column_structure=\u00bb3_5,2_5&#8243; _builder_version=\u00bb4.16&#8243; custom_padding=\u00bb0px||30px|||\u00bb global_colors_info=\u00bb{}\u00bb][et_pb_column type=\u00bb3_5&#8243; _builder_version=\u00bb4.16&#8243; custom_padding=\u00bb|||\u00bb global_colors_info=\u00bb{}\u00bb custom_padding__hover=\u00bb|||\u00bb][et_pb_text _builder_version=\u00bb4.27.5&#8243; text_font=\u00bb||||||||\u00bb ul_font=\u00bb||||||||\u00bb ul_line_height=\u00bb1.5em\u00bb ol_font=\u00bb|800|||||||\u00bb ol_text_color=\u00bb#0c71c3&#8243; ol_line_height=\u00bb1.6em\u00bb header_font=\u00bb||||||||\u00bb text_orientation=\u00bbright\u00bb custom_padding=\u00bb29px|||||\u00bb animation_style=\u00bbbounce\u00bb animation_direction=\u00bbbottom\u00bb global_colors_info=\u00bb{}\u00bb]<\/p>\n<p style=\"text-align: left;\"><span style=\"color: #0642ff;\"><strong>OBJETIVO:<\/strong><\/span><\/p>\n<p style=\"text-align: left;\"><span style=\"color: #2c3b51;\"><span data-contrast=\"auto\" class=\"TextRun SCXW108796693 BCX0\" xml:lang=\"ES-MX\" lang=\"ES-MX\"><span class=\"NormalTextRun SCXW108796693 BCX0\">Identificar las bases de la seguridad del paciente para su aplicaci\u00f3n en entornos cl\u00ednicos.<\/span><\/span><\/span><\/p>\n<p style=\"text-align: left;\"><span style=\"color: #0642ff;\"><strong>DIRIGIDO A:<\/strong><\/span><\/p>\n<p style=\"text-align: left;\"><span data-contrast=\"auto\" class=\"TextRun SCXW153170797 BCX0\" xml:lang=\"ES-MX\" lang=\"ES-MX\" style=\"color: #2c3b51;\"><span class=\"NormalTextRun SCXW153170797 BCX0\">Personal de salud.<\/span><\/span><\/p>\n<p style=\"text-align: left;\"><span style=\"color: #0642ff;\"><strong>DURACI\u00d3N | COSTO:<\/strong><\/span><\/p>\n<p style=\"text-align: left;\"><span data-contrast=\"auto\" class=\"TextRun SCXW153170797 BCX0\" xml:lang=\"ES-MX\" lang=\"ES-MX\" style=\"color: #2c3b51;\"><span class=\"NormalTextRun SCXW153170797 BCX0\">10 horas\u00a0 \u00a0|\u00a0 \u00a0<\/span><\/span><span style=\"color: #327ef9;\"><\/span><strong><span data-contrast=\"auto\" class=\"TextRun SCXW153170797 BCX0\" xml:lang=\"ES-MX\" lang=\"ES-MX\" style=\"color: #2c3b51;\"><span class=\"NormalTextRun SCXW153170797 BCX0\">Sin costo<\/span><\/span><\/strong><span style=\"color: #327ef9;\"><\/span><\/p>\n<p style=\"text-align: left;\"><span style=\"color: #0642ff;\"><strong>M\u00d3DULOS:<\/strong><\/span><\/p>\n<p style=\"text-align: left;\">1. Introducci\u00f3n a la seguridad del paciente<br \/>2. Acciones esenciales y metas internacionales para la seguridad del paciente<br \/>3. Prevenci\u00f3n de enfermedades infecciosas<\/p>\n<p>[\/et_pb_text][et_pb_button button_url=\u00bbhttps:\/\/av.facmed.unam.mx\/moodle\/login\/index.php\u00bb url_new_window=\u00bbon\u00bb button_text=\u00bbINGRESA AL CURSO\u00bb _builder_version=\u00bb4.27.5&#8243; _module_preset=\u00bbdefault\u00bb custom_button=\u00bbon\u00bb button_text_size=\u00bb13px\u00bb button_text_color=\u00bb#FFFFFF\u00bb button_bg_color=\u00bb#0642ff\u00bb button_border_width=\u00bb0px\u00bb button_border_color=\u00bb#0642ff\u00bb button_font=\u00bb|600|||||||\u00bb animation_style=\u00bbbounce\u00bb animation_direction=\u00bbleft\u00bb global_colors_info=\u00bb{}\u00bb][\/et_pb_button][\/et_pb_column][et_pb_column type=\u00bb2_5&#8243; _builder_version=\u00bb4.16&#8243; custom_padding=\u00bb|||\u00bb global_colors_info=\u00bb{}\u00bb custom_padding__hover=\u00bb|||\u00bb][et_pb_image src=\u00bbhttps:\/\/dicim.facmed.unam.mx\/wp-content\/uploads\/2026\/01\/DICiM-Cartel2026B_05-scaled.jpg\u00bb title_text=\u00bbDICiM &#8211; Cartel2026B_05&#8243; align_tablet=\u00bbcenter\u00bb align_phone=\u00bbcenter\u00bb align_last_edited=\u00bbon|desktop\u00bb _builder_version=\u00bb4.27.5&#8243; animation_style=\u00bbbounce\u00bb animation_direction=\u00bbbottom\u00bb animation_delay=\u00bb700ms\u00bb border_radii=\u00bbon|10px|10px|10px|10px\u00bb global_colors_info=\u00bb{}\u00bb][\/et_pb_image][\/et_pb_column][\/et_pb_row][et_pb_row _builder_version=\u00bb4.16&#8243; custom_margin=\u00bb|auto|-1px|auto||\u00bb custom_padding=\u00bb0px||2px|||\u00bb global_colors_info=\u00bb{}\u00bb][et_pb_column type=\u00bb4_4&#8243; _builder_version=\u00bb4.16&#8243; custom_padding=\u00bb|||\u00bb global_colors_info=\u00bb{}\u00bb custom_padding__hover=\u00bb|||\u00bb][et_pb_text _builder_version=\u00bb4.27.5&#8243; animation_style=\u00bbbounce\u00bb animation_direction=\u00bbbottom\u00bb global_colors_info=\u00bb{}\u00bb]<\/p>\n<p><span style=\"color: #0642ff;\"><strong>IMPORTANTE:<\/strong><\/span><span style=\"color: #a02c30;\"><\/span><\/p>\n<p>Para ingresar al curso sigue estos sencillos pasos:<\/p>\n<ol>\n<li>Da clic en el bot\u00f3n <strong>INGRESA AL CURSO<\/strong> que se encuentra en la parte superior.<\/li>\n<li>Reg\u00edstrate como nuevo usuario, en caso de que ya tengas una cuenta, ingresa con los datos que tienes o recupera tu contrase\u00f1a al ingresar tu correo.<br \/><span style=\"color: #666699;\">*Si presentas alguna dificultad o no te llega tu correo de confirmaci\u00f3n comun\u00edcate con nosotros a: <\/span><span style=\"color: #0642ff;\"><a href=\"mailto:educacion_dicim@facmed.unam.mx\" style=\"color: #0642ff;\">educacion_dicim@facmed.unam.mx<\/a><\/span><\/li>\n<li>Busca el <span style=\"color: #0642ff;\">Seguridad del Paciente: La clave para una atenci\u00f3n de calidad<\/span>\u00a0e inscr\u00edbete. <strong>\u00a1Listo!<\/strong><\/li>\n<\/ol>\n<p><strong>Cabe mencionar que debes realizar y acreditar con un m\u00ednimo de 9.0 todas las actividades para obtener tu constancia. Las constancias se emiten de manera peri\u00f3dica y se te notificar\u00e1 por correo electr\u00f3nico.<\/strong><\/p>\n<p><span style=\"color: #0642ff;\"><strong>\u00a1BIENVENID@!<\/strong><\/span><\/p>\n<p>[\/et_pb_text][\/et_pb_column][\/et_pb_row][\/et_pb_section]<\/p>\n","protected":false},"excerpt":{"rendered":"<p>SEGURIDAD DEL PACIENTE: LA CLAVE PARA UNA ATENCI\u00d3N DE CALIDAD CURSO EN L\u00cdNE@ AUTOGESTIVOOBJETIVO: Identificar las bases de la seguridad del paciente para su aplicaci\u00f3n en entornos cl\u00ednicos. DIRIGIDO A: Personal de salud. DURACI\u00d3N | COSTO: 10 horas\u00a0 \u00a0|\u00a0 \u00a0Sin costo M\u00d3DULOS: 1. Introducci\u00f3n a la seguridad del paciente2. Acciones esenciales y metas internacionales para [&hellip;]<\/p>\n","protected":false},"author":3,"featured_media":0,"parent":0,"menu_order":0,"comment_status":"closed","ping_status":"closed","template":"","meta":{"_et_pb_use_builder":"on","_et_pb_old_content":"","_et_gb_content_width":"","footnotes":""},"class_list":["post-9309","page","type-page","status-publish","hentry"],"jetpack_sharing_enabled":true,"jetpack_shortlink":"https:\/\/wp.me\/PaRPU8-2q9","_links":{"self":[{"href":"https:\/\/dicim.facmed.unam.mx\/index.php\/wp-json\/wp\/v2\/pages\/9309","targetHints":{"allow":["GET"]}}],"collection":[{"href":"https:\/\/dicim.facmed.unam.mx\/index.php\/wp-json\/wp\/v2\/pages"}],"about":[{"href":"https:\/\/dicim.facmed.unam.mx\/index.php\/wp-json\/wp\/v2\/types\/page"}],"author":[{"embeddable":true,"href":"https:\/\/dicim.facmed.unam.mx\/index.php\/wp-json\/wp\/v2\/users\/3"}],"replies":[{"embeddable":true,"href":"https:\/\/dicim.facmed.unam.mx\/index.php\/wp-json\/wp\/v2\/comments?post=9309"}],"version-history":[{"count":15,"href":"https:\/\/dicim.facmed.unam.mx\/index.php\/wp-json\/wp\/v2\/pages\/9309\/revisions"}],"predecessor-version":[{"id":11006,"href":"https:\/\/dicim.facmed.unam.mx\/index.php\/wp-json\/wp\/v2\/pages\/9309\/revisions\/11006"}],"wp:attachment":[{"href":"https:\/\/dicim.facmed.unam.mx\/index.php\/wp-json\/wp\/v2\/media?parent=9309"}],"curies":[{"name":"wp","href":"https:\/\/api.w.org\/{rel}","templated":true}]}}