{"id":7503,"date":"2023-03-15T16:32:16","date_gmt":"2023-03-15T16:32:16","guid":{"rendered":"https:\/\/dicim.facmed.unam.mx\/?page_id=7503"},"modified":"2024-05-07T22:23:47","modified_gmt":"2024-05-07T22:23:47","slug":"asignaturas-optativas","status":"publish","type":"page","link":"https:\/\/dicim.facmed.unam.mx\/index.php\/asignaturas-optativas\/","title":{"rendered":"ASIGNATURAS OPTATIVAS"},"content":{"rendered":"<p>[et_pb_section fb_built=\u00bb1&#8243; _builder_version=\u00bb4.16&#8243; background_color=\u00bb#f7f7f7&#8243; custom_padding=\u00bb54px|0px|0|0px|false|false\u00bb global_colors_info=\u00bb{}\u00bb][et_pb_row _builder_version=\u00bb4.16&#8243; global_colors_info=\u00bb{}\u00bb][et_pb_column type=\u00bb4_4&#8243; _builder_version=\u00bb4.16&#8243; global_colors_info=\u00bb{}\u00bb custom_padding__hover=\u00bb|||\u00bb][et_pb_text _builder_version=\u00bb4.16&#8243; global_colors_info=\u00bb{}\u00bb]<\/p>\n<h1 style=\"text-align: center;\"><span color=\"#3b3835\" style=\"color: #3b3835;\">ASIGNATURAS OPTATIVAS<\/span><\/h1>\n<p><span style=\"color: #3b3835;\"><\/span><\/p>\n<p style=\"text-align: center;\"><span style=\"color: #035dfc;\">DICiM \u2013 CECAM<\/span><\/p>\n<p>[\/et_pb_text][\/et_pb_column][\/et_pb_row][\/et_pb_section][et_pb_section fb_built=\u00bb1&#8243; _builder_version=\u00bb4.23.4&#8243; background_color=\u00bb#f7f7f7&#8243; custom_padding=\u00bb0px||50px|||\u00bb global_colors_info=\u00bb{}\u00bb][et_pb_row column_structure=\u00bb1_3,1_3,1_3&#8243; _builder_version=\u00bb4.16&#8243; global_colors_info=\u00bb{}\u00bb][et_pb_column type=\u00bb1_3&#8243; _builder_version=\u00bb4.23.4&#8243; _module_preset=\u00bbdefault\u00bb global_colors_info=\u00bb{}\u00bb][et_pb_blurb title=\u00bbAPLICACI\u00d3N DEL JUICIO CL\u00cdNICO A LA CONGRUENCIA CL\u00cdNICA DIAGN\u00d3STICA TERAP\u00c9UTICA EN LA CONSULTA PRESENCIAL Y TELECONSULTA\u00bb image=\u00bbhttps:\/\/dicim.facmed.unam.mx\/wp-content\/uploads\/2022\/01\/DICiM-Cartel-B-02.png\u00bb _builder_version=\u00bb4.24.0&#8243; header_font=\u00bb||||||||\u00bb header_text_color=\u00bb#e09900&#8243; header_line_height=\u00bb1.5em\u00bb body_font=\u00bb||||||||\u00bb body_font_size=\u00bb12px\u00bb animation=\u00bboff\u00bb global_colors_info=\u00bb{}\u00bb][\/et_pb_blurb][et_pb_accordion open_toggle_text_color=\u00bb#e09900&#8243; open_toggle_background_color=\u00bb#f7f7f7&#8243; closed_toggle_text_color=\u00bb#FFFFFF\u00bb closed_toggle_background_color=\u00bb#e09900&#8243; toggle_icon=\u00bb&#x47;||divi||400&#8243; icon_color=\u00bb#FFFFFF\u00bb _builder_version=\u00bb4.23.4&#8243; _module_preset=\u00bbdefault\u00bb toggle_font=\u00bb||||||||\u00bb toggle_font_size=\u00bb15px\u00bb toggle_line_height=\u00bb0em\u00bb body_font_size=\u00bb12px\u00bb border_color_all=\u00bb#e09900&#8243; global_colors_info=\u00bb{}\u00bb][et_pb_accordion_item title=\u00bbOBJETIVO:\u00bb open=\u00bbon\u00bb _builder_version=\u00bb4.23.4&#8243; _module_preset=\u00bbdefault\u00bb global_colors_info=\u00bb{}\u00bb]<\/p>\n<p><span>Aplicar el juicio cl\u00ednico en la consulta presencial y teleconsulta a fin de fortalecer la calidad de la atenci\u00f3n m\u00e9dica integral individualizada basada en un enfoque biopsicosocial, preventivo y humanista<\/span>.<\/p>\n<p>[\/et_pb_accordion_item][et_pb_accordion_item title=\u00bbDIRIGIDO A:\u00bb _builder_version=\u00bb4.23.4&#8243; _module_preset=\u00bbdefault\u00bb global_colors_info=\u00bb{}\u00bb open=\u00bboff\u00bb]<\/p>\n<p><span>Estudiantes de 6\u00ba, 7\u00ba, 8\u00ba y 9\u00ba semestre de la Licenciatura de M\u00e9dico Cirujano<\/span>.<\/p>\n<p>[\/et_pb_accordion_item][et_pb_accordion_item title=\u00bbGENERALES:\u00bb _builder_version=\u00bb4.23.4&#8243; _module_preset=\u00bbdefault\u00bb global_colors_info=\u00bb{}\u00bb open=\u00bboff\u00bb]<\/p>\n<ul>\n<li><strong><span>HORARIO:<br \/><\/span><\/strong>Martes 14:00 &#8211; 16:00<\/li>\n<li><strong><span>FORMA DE TRABAJO:<\/span><\/strong><span><br \/><\/span>Clases por videoconferencia y pr\u00e1cticas presenciales.<strong><span><br \/><\/span><\/strong>Actividades formativas \/ sumativas en<span>\u00a0<\/span>aula virtual<span>\u00a0<\/span>(moodle).<strong><span><\/span><\/strong><\/li>\n<li><strong><span>PROGRAMA ACAD\u00c9MICO:<br \/><\/span><\/strong><a href=\"http:\/\/www.facmed.unam.mx\/fm\/pa\/\" target=\"_blank\" data-saferedirecturl=\"https:\/\/www.google.com\/url?q=http:\/\/www.facmed.unam.mx\/fm\/pa\/&amp;source=gmail&amp;ust=1642647269252000&amp;usg=AOvVaw2DILbjVZQoGh3zEjNNhDmQ\" rel=\"noopener noreferrer\" title=\"www.facmed.unam.mx\/fm\/pa\/\">www.facmed.<wbr \/>unam.mx\/fm\/pa<\/a><strong><span><\/span><\/strong><\/li>\n<\/ul>\n<p>[\/et_pb_accordion_item][et_pb_accordion_item title=\u00bbINSCR\u00cdBETE EN:\u00bb _builder_version=\u00bb4.23.4&#8243; _module_preset=\u00bbdefault\u00bb global_colors_info=\u00bb{}\u00bb open=\u00bboff\u00bb]<\/p>\n<p><a href=\"https:\/\/escolares.facmed.unam.mx\/alumnos\/pregrado\" target=\"_blank\" rel=\"noopener\">escolares.facmed.unam.mx<\/a><\/p>\n<p>[\/et_pb_accordion_item][\/et_pb_accordion][\/et_pb_column][et_pb_column type=\u00bb1_3&#8243; _builder_version=\u00bb4.16&#8243; custom_padding=\u00bb|||\u00bb global_colors_info=\u00bb{}\u00bb custom_padding__hover=\u00bb|||\u00bb][et_pb_blurb title=\u00bbCOMUNICACI\u00d3N EFECTIVA EN SITUACIONES CR\u00cdTICAS EN SALUD\u00bb image=\u00bbhttps:\/\/dicim.facmed.unam.mx\/wp-content\/uploads\/2023\/06\/DICiM-Cartel-D-05.png\u00bb _builder_version=\u00bb4.24.0&#8243; header_font=\u00bb||||||||\u00bb header_text_color=\u00bb#ff9515&#8243; header_line_height=\u00bb1.5em\u00bb body_font=\u00bb||||||||\u00bb body_font_size=\u00bb12px\u00bb animation=\u00bboff\u00bb global_colors_info=\u00bb{}\u00bb][\/et_pb_blurb][et_pb_accordion open_toggle_text_color=\u00bb#ff9515&#8243; open_toggle_background_color=\u00bb#f7f7f7&#8243; closed_toggle_text_color=\u00bb#FFFFFF\u00bb closed_toggle_background_color=\u00bb#ff9515&#8243; toggle_icon=\u00bb&#x47;||divi||400&#8243; icon_color=\u00bb#FFFFFF\u00bb _builder_version=\u00bb4.23.4&#8243; _module_preset=\u00bbdefault\u00bb toggle_font=\u00bb||||||||\u00bb toggle_font_size=\u00bb15px\u00bb toggle_line_height=\u00bb0em\u00bb body_font_size=\u00bb12px\u00bb border_color_all=\u00bb#ff9515&#8243; global_colors_info=\u00bb{}\u00bb][et_pb_accordion_item title=\u00bbOBJETIVO:\u00bb open=\u00bbon\u00bb _builder_version=\u00bb4.23.4&#8243; _module_preset=\u00bbdefault\u00bb global_colors_info=\u00bb{}\u00bb]<\/p>\n<p><span>Analizar las caracter\u00edsticas de la comunicaci\u00f3n efectiva en la relaci\u00f3n m\u00e9dico-paciente y entre los diferentes profesionistas del Sistema Nacional de Salud ante los diferentes contextos cl\u00ednicos con el objetivo de mantener y promover la seguridad del paciente<\/span>.<\/p>\n<p>[\/et_pb_accordion_item][et_pb_accordion_item title=\u00bbDIRIGIDO A:\u00bb _builder_version=\u00bb4.23.4&#8243; _module_preset=\u00bbdefault\u00bb global_colors_info=\u00bb{}\u00bb open=\u00bboff\u00bb]<\/p>\n<p><span>E<\/span><span>studiantes de 6\u00ba, 7\u00ba, 8\u00ba y 9\u00ba semestre de la Licenciatura de M\u00e9dico Cirujano<\/span>.<\/p>\n<p>[\/et_pb_accordion_item][et_pb_accordion_item title=\u00bbGENERALES:\u00bb _builder_version=\u00bb4.23.4&#8243; _module_preset=\u00bbdefault\u00bb global_colors_info=\u00bb{}\u00bb open=\u00bboff\u00bb]<\/p>\n<ul>\n<li><strong><span>HORARIO:<br \/><\/span><\/strong>Jueves 16:00 &#8211; 18:00<\/li>\n<li><strong><span>FORMA DE TRABAJO:<\/span><\/strong><span><br \/><\/span><span>Clases por videoconferencia<\/span><span>\u00a0(zoom) y actividades formativas y sumativas en\u00a0<\/span><span>aula virtual<\/span><span>\u00a0(moodle)<\/span><span>.<\/span><\/li>\n<li><strong><span>PROGRAMA ACAD\u00c9MICO:<br \/><\/span><\/strong><a href=\"http:\/\/www.facmed.unam.mx\/fm\/pa\/\" target=\"_blank\" data-saferedirecturl=\"https:\/\/www.google.com\/url?q=http:\/\/www.facmed.unam.mx\/fm\/pa\/&amp;source=gmail&amp;ust=1642647269252000&amp;usg=AOvVaw2DILbjVZQoGh3zEjNNhDmQ\" rel=\"noopener noreferrer\" title=\"www.facmed.unam.mx\/fm\/pa\/\">www.facmed.<wbr \/>unam.mx\/fm\/pa<\/a><strong><span><\/span><\/strong><\/li>\n<\/ul>\n<p>[\/et_pb_accordion_item][et_pb_accordion_item title=\u00bbINSCR\u00cdBETE EN:\u00bb _builder_version=\u00bb4.23.4&#8243; _module_preset=\u00bbdefault\u00bb global_colors_info=\u00bb{}\u00bb open=\u00bboff\u00bb]<\/p>\n<p><a href=\"https:\/\/escolares.facmed.unam.mx\/alumnos\/pregrado\" target=\"_blank\" rel=\"noopener\">escolares.facmed.unam.mx<\/a><\/p>\n<p>[\/et_pb_accordion_item][\/et_pb_accordion][\/et_pb_column][et_pb_column type=\u00bb1_3&#8243; _builder_version=\u00bb4.16&#8243; custom_padding=\u00bb|||\u00bb global_colors_info=\u00bb{}\u00bb custom_padding__hover=\u00bb|||\u00bb][et_pb_blurb title=\u00bbHERRAMIENTAS PARA APRENDER A APRENDER\u00bb image=\u00bbhttps:\/\/dicim.facmed.unam.mx\/wp-content\/uploads\/2023\/08\/DICiM-Cartel-E-05.png\u00bb _builder_version=\u00bb4.24.0&#8243; header_font=\u00bb||||||||\u00bb header_text_color=\u00bb#f535d0&#8243; header_line_height=\u00bb1.5em\u00bb body_font=\u00bb||||||||\u00bb body_font_size=\u00bb12px\u00bb animation=\u00bboff\u00bb global_colors_info=\u00bb{}\u00bb][\/et_pb_blurb][et_pb_accordion open_toggle_text_color=\u00bb#f535d0&#8243; open_toggle_background_color=\u00bb#f7f7f7&#8243; closed_toggle_text_color=\u00bb#FFFFFF\u00bb closed_toggle_background_color=\u00bb#f535d0&#8243; toggle_icon=\u00bb&#x47;||divi||400&#8243; icon_color=\u00bb#FFFFFF\u00bb _builder_version=\u00bb4.23.4&#8243; _module_preset=\u00bbdefault\u00bb toggle_font=\u00bb||||||||\u00bb toggle_font_size=\u00bb15px\u00bb toggle_line_height=\u00bb0em\u00bb body_font_size=\u00bb12px\u00bb border_color_all=\u00bb#f535d0&#8243; global_colors_info=\u00bb{}\u00bb][et_pb_accordion_item title=\u00bbOBJETIVO:\u00bb open=\u00bbon\u00bb _builder_version=\u00bb4.23.4&#8243; _module_preset=\u00bbdefault\u00bb global_colors_info=\u00bb{}\u00bb]<\/p>\n<p><span>Desarrollar estrategias de aprendizaje autorregulado, mediante t\u00e9cnicas y habilidades, que hagan eficientes los procesos de aprendizaje en el nivel superior y favorecer la formaci\u00f3n integral y continua de los estudiantes<\/span>.<\/p>\n<p>[\/et_pb_accordion_item][et_pb_accordion_item title=\u00bbDIRIGIDO A:\u00bb _builder_version=\u00bb4.23.4&#8243; _module_preset=\u00bbdefault\u00bb global_colors_info=\u00bb{}\u00bb open=\u00bboff\u00bb]<\/p>\n<p><span>E<\/span><span>studiantes de 1\u00ba y 2\u00ba a\u00f1o de la Licenciatura de M\u00e9dico Cirujano<\/span>.<\/p>\n<p>[\/et_pb_accordion_item][et_pb_accordion_item title=\u00bbGENERALES:\u00bb _builder_version=\u00bb4.23.4&#8243; _module_preset=\u00bbdefault\u00bb global_colors_info=\u00bb{}\u00bb open=\u00bboff\u00bb]<\/p>\n<ul>\n<li><strong><span>HORARIO:<br \/><\/span><\/strong>Mi\u00e9rcoles 09:00 &#8211; 11:00<\/li>\n<li><strong><span>FORMA DE TRABAJO:<\/span><\/strong><span><br \/><\/span>Clases por videoconferencia.<strong><span><br \/><\/span><\/strong>Actividades formativas \/ sumativas en<span>\u00a0<\/span>aula virtual<span>\u00a0<\/span>(moodle).<strong><span><\/span><\/strong><\/li>\n<li><strong><span>PROGRAMA ACAD\u00c9MICO:<br \/><\/span><\/strong><a href=\"http:\/\/www.facmed.unam.mx\/fm\/pa\/\" target=\"_blank\" data-saferedirecturl=\"https:\/\/www.google.com\/url?q=http:\/\/www.facmed.unam.mx\/fm\/pa\/&amp;source=gmail&amp;ust=1642647269252000&amp;usg=AOvVaw2DILbjVZQoGh3zEjNNhDmQ\" rel=\"noopener noreferrer\" title=\"www.facmed.unam.mx\/fm\/pa\/\">www.facmed.<wbr \/>unam.mx\/fm\/pa<\/a><strong><span><\/span><\/strong><\/li>\n<\/ul>\n<p>[\/et_pb_accordion_item][et_pb_accordion_item title=\u00bbINSCR\u00cdBETE EN:\u00bb _builder_version=\u00bb4.23.4&#8243; _module_preset=\u00bbdefault\u00bb global_colors_info=\u00bb{}\u00bb open=\u00bboff\u00bb]<\/p>\n<p><a href=\"https:\/\/escolares.facmed.unam.mx\/alumnos\/pregrado\" target=\"_blank\" rel=\"noopener\">escolares.facmed.unam.mx<\/a><\/p>\n<p>[\/et_pb_accordion_item][\/et_pb_accordion][\/et_pb_column][\/et_pb_row][\/et_pb_section]<\/p>\n","protected":false},"excerpt":{"rendered":"<p>ASIGNATURAS OPTATIVAS DICiM \u2013 CECAMAplicar el juicio cl\u00ednico en la consulta presencial y teleconsulta a fin de fortalecer la calidad de la atenci\u00f3n m\u00e9dica integral individualizada basada en un enfoque biopsicosocial, preventivo y humanista.Estudiantes de 6\u00ba, 7\u00ba, 8\u00ba y 9\u00ba semestre de la Licenciatura de M\u00e9dico Cirujano. HORARIO:Martes 14:00 &#8211; 16:00 FORMA DE TRABAJO:Clases por [&hellip;]<\/p>\n","protected":false},"author":3,"featured_media":0,"parent":0,"menu_order":0,"comment_status":"closed","ping_status":"closed","template":"","meta":{"_et_pb_use_builder":"on","_et_pb_old_content":"","_et_gb_content_width":"","footnotes":""},"class_list":["post-7503","page","type-page","status-publish","hentry"],"jetpack_sharing_enabled":true,"jetpack_shortlink":"https:\/\/wp.me\/PaRPU8-1X1","_links":{"self":[{"href":"https:\/\/dicim.facmed.unam.mx\/index.php\/wp-json\/wp\/v2\/pages\/7503","targetHints":{"allow":["GET"]}}],"collection":[{"href":"https:\/\/dicim.facmed.unam.mx\/index.php\/wp-json\/wp\/v2\/pages"}],"about":[{"href":"https:\/\/dicim.facmed.unam.mx\/index.php\/wp-json\/wp\/v2\/types\/page"}],"author":[{"embeddable":true,"href":"https:\/\/dicim.facmed.unam.mx\/index.php\/wp-json\/wp\/v2\/users\/3"}],"replies":[{"embeddable":true,"href":"https:\/\/dicim.facmed.unam.mx\/index.php\/wp-json\/wp\/v2\/comments?post=7503"}],"version-history":[{"count":36,"href":"https:\/\/dicim.facmed.unam.mx\/index.php\/wp-json\/wp\/v2\/pages\/7503\/revisions"}],"predecessor-version":[{"id":9158,"href":"https:\/\/dicim.facmed.unam.mx\/index.php\/wp-json\/wp\/v2\/pages\/7503\/revisions\/9158"}],"wp:attachment":[{"href":"https:\/\/dicim.facmed.unam.mx\/index.php\/wp-json\/wp\/v2\/media?parent=7503"}],"curies":[{"name":"wp","href":"https:\/\/api.w.org\/{rel}","templated":true}]}}