{"id":6254,"date":"2022-06-10T17:48:53","date_gmt":"2022-06-10T17:48:53","guid":{"rendered":"https:\/\/dicim.facmed.unam.mx\/?page_id=6254"},"modified":"2026-01-26T18:43:47","modified_gmt":"2026-01-26T18:43:47","slug":"diseno-de-pruebas-escritas","status":"publish","type":"page","link":"https:\/\/dicim.facmed.unam.mx\/index.php\/diseno-de-pruebas-escritas\/","title":{"rendered":"DISE\u00d1O DE PRUEBAS ESCRITAS"},"content":{"rendered":"<p>[et_pb_section fb_built=\u00bb1&#8243; _builder_version=\u00bb4.27.5&#8243; custom_margin=\u00bb||-1px|||\u00bb custom_padding=\u00bb50px|0px|50px|0px|false|false\u00bb global_colors_info=\u00bb{}\u00bb theme_builder_area=\u00bbpost_content\u00bb][et_pb_row _builder_version=\u00bb4.16&#8243; custom_padding=\u00bb3px||1px|||\u00bb global_colors_info=\u00bb{}\u00bb theme_builder_area=\u00bbpost_content\u00bb][et_pb_column type=\u00bb4_4&#8243; _builder_version=\u00bb4.16&#8243; global_colors_info=\u00bb{}\u00bb custom_padding__hover=\u00bb|||\u00bb theme_builder_area=\u00bbpost_content\u00bb][et_pb_text _builder_version=\u00bb4.27.5&#8243; animation_style=\u00bbbounce\u00bb animation_direction=\u00bbleft\u00bb hover_enabled=\u00bb0&#8243; global_colors_info=\u00bb{}\u00bb theme_builder_area=\u00bbpost_content\u00bb sticky_enabled=\u00bb0&#8243;]<\/p>\n<h3 style=\"text-align: left;\"><span style=\"color: #0000ff;\">DISE\u00d1O DE REACTIVOS DE OPCI\u00d3N M\u00daLTIPLE<\/span><\/h3>\n<p style=\"text-align: left;\"><strong>CURSO EN L\u00cdNE@<\/strong><\/p>\n<p>[\/et_pb_text][\/et_pb_column][\/et_pb_row][et_pb_row column_structure=\u00bb3_5,2_5&#8243; _builder_version=\u00bb4.16&#8243; custom_padding=\u00bb0px||30px|||\u00bb global_colors_info=\u00bb{}\u00bb theme_builder_area=\u00bbpost_content\u00bb][et_pb_column type=\u00bb3_5&#8243; _builder_version=\u00bb4.16&#8243; custom_padding=\u00bb|||\u00bb global_colors_info=\u00bb{}\u00bb custom_padding__hover=\u00bb|||\u00bb theme_builder_area=\u00bbpost_content\u00bb][et_pb_text _builder_version=\u00bb4.27.5&#8243; text_font=\u00bb||||||||\u00bb ul_font=\u00bb||||||||\u00bb ul_line_height=\u00bb1.5em\u00bb ol_font=\u00bb|800|||||||\u00bb ol_text_color=\u00bb#0c71c3&#8243; ol_line_height=\u00bb1.6em\u00bb header_font=\u00bb||||||||\u00bb text_orientation=\u00bbright\u00bb custom_padding=\u00bb29px|||||\u00bb animation_style=\u00bbbounce\u00bb animation_direction=\u00bbbottom\u00bb hover_enabled=\u00bb0&#8243; global_colors_info=\u00bb{}\u00bb theme_builder_area=\u00bbpost_content\u00bb sticky_enabled=\u00bb0&#8243;]<\/p>\n<p style=\"text-align: left;\"><span style=\"color: #0000ff;\"><strong>DIRIGIDO A:<\/strong><\/span><\/p>\n<p style=\"text-align: left;\"><span data-contrast=\"auto\" class=\"TextRun SCXW153170797 BCX0\" xml:lang=\"ES-MX\" lang=\"ES-MX\" style=\"color: #2c3b51;\"><span class=\"NormalTextRun SCXW153170797 BCX0\"><strong>Profesores DICiM<\/strong> interesados en ampliar su aprendizaje en el dise\u00f1o de reactivos de opci\u00f3n m\u00faltiple en medicina.<\/span><\/span><\/p>\n<p style=\"text-align: left;\"><span style=\"color: #0000ff;\"><strong>REQUISITOS:<\/strong><\/span><\/p>\n<ul>\n<li style=\"text-align: left;\"><span data-contrast=\"auto\" class=\"TextRun SCXW153170797 BCX0\" xml:lang=\"ES-MX\" lang=\"ES-MX\" style=\"color: #2c3b51;\"><span class=\"NormalTextRun SCXW153170797 BCX0\">Ser profesor del DICiM<\/span><\/span><\/li>\n<li style=\"text-align: left;\"><span data-contrast=\"auto\" class=\"TextRun SCXW153170797 BCX0\" xml:lang=\"ES-MX\" lang=\"ES-MX\" style=\"color: #2c3b51;\"><span class=\"NormalTextRun SCXW153170797 BCX0\">Acreditar el curso con un m\u00ednimo de 8.0<\/span><\/span><span style=\"color: #327ef9;\"><\/span><\/li>\n<\/ul>\n<p style=\"text-align: left;\"><span style=\"color: #0000ff;\"><strong>CONTENIDO TEM\u00c1TICO:<\/strong><\/span><\/p>\n<p style=\"text-align: left;\"><strong>1.<\/strong> Generalidades y buenas pr\u00e1cticas en evaluaci\u00f3n<br \/><strong>2.<\/strong> Pir\u00e1mides y taxonom\u00edas en educaci\u00f3n m\u00e9dica<br \/><strong>3.<\/strong> Dise\u00f1o de reactivos de opci\u00f3n m\u00faltiple<br \/><strong>4.<\/strong> Inteligencia artificial en evaluaci\u00f3n<\/p>\n<p style=\"text-align: left;\"><span style=\"color: #0000ff;\"><strong>[ + ] INFORMACI\u00d3N:<\/strong><\/span><\/p>\n<p style=\"text-align: left;\"><span data-contrast=\"auto\" class=\"TextRun SCXW153170797 BCX0\" xml:lang=\"ES-MX\" lang=\"ES-MX\" style=\"color: #2c3b51;\"><span class=\"NormalTextRun SCXW153170797 BCX0\"><span><a href=\"mailto:dicim@facmed.unam.mx\">educacion_dicim@facmed.unam.mx <\/a><\/span><\/span><\/span><span data-contrast=\"auto\" class=\"TextRun SCXW153170797 BCX0\" xml:lang=\"ES-MX\" lang=\"ES-MX\"><span class=\"NormalTextRun SCXW153170797 BCX0\"><a href=\"mailto:dicim@facmed.unam.mx\">| <\/a><\/span><\/span><span data-contrast=\"auto\" class=\"TextRun SCXW153170797 BCX0\" xml:lang=\"ES-MX\" lang=\"ES-MX\" style=\"color: #2c3b51;\"><span class=\"NormalTextRun SCXW153170797 BCX0\"><a href=\"mailto:abren.dague@facmed.unam.mx\">abren.dague@facmed.unam.mx<\/a><\/span><\/span><\/p>\n<p>[\/et_pb_text][et_pb_button url_new_window=\u00bbon\u00bb button_text=\u00bbREGISTRO AL CURSO\u00bb _builder_version=\u00bb4.27.5&#8243; _module_preset=\u00bbdefault\u00bb custom_button=\u00bbon\u00bb button_text_size=\u00bb13px\u00bb button_text_color=\u00bb#FFFFFF\u00bb button_bg_color=\u00bb#0400F0&#8243; button_border_width=\u00bb0px\u00bb button_border_color=\u00bb#327ef9&#8243; button_font=\u00bb|600|||||||\u00bb animation_style=\u00bbbounce\u00bb animation_direction=\u00bbleft\u00bb hover_enabled=\u00bb0&#8243; global_colors_info=\u00bb{}\u00bb theme_builder_area=\u00bbpost_content\u00bb sticky_enabled=\u00bb0&#8243; button_url=\u00bbhttps:\/\/forms.gle\/6NoYjvE3iDAqxjbZA\u00bb button_bg_enable_color=\u00bbon\u00bb][\/et_pb_button][\/et_pb_column][et_pb_column type=\u00bb2_5&#8243; _builder_version=\u00bb4.16&#8243; custom_padding=\u00bb|||\u00bb global_colors_info=\u00bb{}\u00bb custom_padding__hover=\u00bb|||\u00bb theme_builder_area=\u00bbpost_content\u00bb][et_pb_image src=\u00bbhttps:\/\/dicim.facmed.unam.mx\/wp-content\/uploads\/2025\/12\/DICiM-Cartel2026A_02-1-scaled.jpg\u00bb title_text=\u00bbDICiM &#8211; Cartel2026A_02&#8243; align_tablet=\u00bbcenter\u00bb align_phone=\u00bbcenter\u00bb align_last_edited=\u00bbon|desktop\u00bb _builder_version=\u00bb4.27.5&#8243; animation_style=\u00bbbounce\u00bb animation_direction=\u00bbbottom\u00bb animation_delay=\u00bb700ms\u00bb hover_enabled=\u00bb0&#8243; border_radii=\u00bbon|10px|10px|10px|10px\u00bb global_colors_info=\u00bb{}\u00bb theme_builder_area=\u00bbpost_content\u00bb sticky_enabled=\u00bb0&#8243;][\/et_pb_image][\/et_pb_column][\/et_pb_row][et_pb_row _builder_version=\u00bb4.16&#8243; custom_margin=\u00bb|auto|1px|auto||\u00bb custom_padding=\u00bb0px||2px|||\u00bb global_colors_info=\u00bb{}\u00bb theme_builder_area=\u00bbpost_content\u00bb][et_pb_column type=\u00bb4_4&#8243; _builder_version=\u00bb4.16&#8243; custom_padding=\u00bb|||\u00bb global_colors_info=\u00bb{}\u00bb custom_padding__hover=\u00bb|||\u00bb theme_builder_area=\u00bbpost_content\u00bb][et_pb_text _builder_version=\u00bb4.27.5&#8243; animation_style=\u00bbbounce\u00bb animation_direction=\u00bbbottom\u00bb hover_enabled=\u00bb0&#8243; global_colors_info=\u00bb{}\u00bb theme_builder_area=\u00bbpost_content\u00bb sticky_enabled=\u00bb0&#8243;]<\/p>\n<p><span style=\"color: #0000ff;\"><strong>PR\u00d3XIMAS FECHAS:<\/strong><\/span><span style=\"color: #a02c30;\"><\/span><\/p>\n<p><strong>Curso \u2013 taller en l\u00ednea: <span style=\"color: #0000ff;\">12 al 30 de enero, 2026<\/span><\/strong> | Horario: asincr\u00f3nico | Plataforma:\u00a0Moodle<br \/><strong>Sesi\u00f3n sincr\u00f3nica: <span style=\"color: #0000ff;\">28 de enero, 2026 <\/span><\/strong>| Horario: 09:00 \u2013 11:00 h | Plataforma:\u00a0Zoom<\/p>\n<p><span style=\"color: #0000ff;\"><strong>\u00a1L@S ESPERAMOS!<\/strong><\/span><\/p>\n<p>[\/et_pb_text][\/et_pb_column][\/et_pb_row][\/et_pb_section]<\/p>\n","protected":false},"excerpt":{"rendered":"<p>DISE\u00d1O DE REACTIVOS DE OPCI\u00d3N M\u00daLTIPLE CURSO EN L\u00cdNE@DIRIGIDO A: Profesores DICiM interesados en ampliar su aprendizaje en el dise\u00f1o de reactivos de opci\u00f3n m\u00faltiple en medicina. REQUISITOS: Ser profesor del DICiM Acreditar el curso con un m\u00ednimo de 8.0 CONTENIDO TEM\u00c1TICO: 1. Generalidades y buenas pr\u00e1cticas en evaluaci\u00f3n2. Pir\u00e1mides y taxonom\u00edas en educaci\u00f3n m\u00e9dica3. [&hellip;]<\/p>\n","protected":false},"author":3,"featured_media":0,"parent":0,"menu_order":0,"comment_status":"closed","ping_status":"closed","template":"","meta":{"_et_pb_use_builder":"on","_et_pb_old_content":"","_et_gb_content_width":"","footnotes":""},"class_list":["post-6254","page","type-page","status-publish","hentry"],"jetpack_sharing_enabled":true,"jetpack_shortlink":"https:\/\/wp.me\/PaRPU8-1CS","_links":{"self":[{"href":"https:\/\/dicim.facmed.unam.mx\/index.php\/wp-json\/wp\/v2\/pages\/6254","targetHints":{"allow":["GET"]}}],"collection":[{"href":"https:\/\/dicim.facmed.unam.mx\/index.php\/wp-json\/wp\/v2\/pages"}],"about":[{"href":"https:\/\/dicim.facmed.unam.mx\/index.php\/wp-json\/wp\/v2\/types\/page"}],"author":[{"embeddable":true,"href":"https:\/\/dicim.facmed.unam.mx\/index.php\/wp-json\/wp\/v2\/users\/3"}],"replies":[{"embeddable":true,"href":"https:\/\/dicim.facmed.unam.mx\/index.php\/wp-json\/wp\/v2\/comments?post=6254"}],"version-history":[{"count":31,"href":"https:\/\/dicim.facmed.unam.mx\/index.php\/wp-json\/wp\/v2\/pages\/6254\/revisions"}],"predecessor-version":[{"id":11016,"href":"https:\/\/dicim.facmed.unam.mx\/index.php\/wp-json\/wp\/v2\/pages\/6254\/revisions\/11016"}],"wp:attachment":[{"href":"https:\/\/dicim.facmed.unam.mx\/index.php\/wp-json\/wp\/v2\/media?parent=6254"}],"curies":[{"name":"wp","href":"https:\/\/api.w.org\/{rel}","templated":true}]}}