{"id":2890,"date":"2020-04-21T17:34:53","date_gmt":"2020-04-21T17:34:53","guid":{"rendered":"https:\/\/dicim.facmed.unam.mx\/?page_id=2890"},"modified":"2023-05-30T21:43:48","modified_gmt":"2023-05-30T21:43:48","slug":"juegos","status":"publish","type":"page","link":"https:\/\/dicim.facmed.unam.mx\/index.php\/juegos\/","title":{"rendered":"JUEGOS"},"content":{"rendered":"<p>[et_pb_section fb_built=\u00bb1&#8243; _builder_version=\u00bb4.16&#8243; custom_padding=\u00bb50px|0px|0|0px|false|false\u00bb global_colors_info=\u00bb{}\u00bb][et_pb_row _builder_version=\u00bb4.16&#8243; custom_padding=\u00bb25px|0px|28px|0px|false|false\u00bb global_colors_info=\u00bb{}\u00bb][et_pb_column type=\u00bb4_4&#8243; _builder_version=\u00bb4.16&#8243; global_colors_info=\u00bb{}\u00bb custom_padding__hover=\u00bb|||\u00bb][et_pb_text _builder_version=\u00bb4.16&#8243; global_colors_info=\u00bb{}\u00bb]<\/p>\n<h1 style=\"text-align: center;\">JUEGOS DICiM \u2013 CECAM<\/h1>\n<p style=\"text-align: center;\">EDUCAPLAY<\/p>\n<p>[\/et_pb_text][\/et_pb_column][\/et_pb_row][et_pb_row _builder_version=\u00bb4.16&#8243; custom_padding=\u00bb27px|0px|0|0px|false|false\u00bb global_colors_info=\u00bb{}\u00bb][et_pb_column type=\u00bb4_4&#8243; _builder_version=\u00bb4.16&#8243; global_colors_info=\u00bb{}\u00bb custom_padding__hover=\u00bb|||\u00bb][et_pb_text _builder_version=\u00bb4.16&#8243; global_colors_info=\u00bb{}\u00bb]<\/p>\n<h3 style=\"text-align: center;\"><span style=\"color: #ff9900;\">INTEGRACI\u00d3N B\u00c1SICO CL\u00cdNICA<\/span><\/h3>\n<p>[\/et_pb_text][\/et_pb_column][\/et_pb_row][et_pb_row _builder_version=\u00bb4.16&#8243; global_colors_info=\u00bb{}\u00bb column_structure=\u00bb1_4,1_4,1_4,1_4&#8243;][et_pb_column type=\u00bb1_4&#8243; _builder_version=\u00bb4.16&#8243; global_colors_info=\u00bb{}\u00bb custom_padding__hover=\u00bb|||\u00bb][et_pb_blurb title=\u00bbIBC &#8211; I  |  %91 CASO 1 %93&#8243; url=\u00bbhttps:\/\/es.educaplay.com\/juego\/2065022-ibc_i_caso_1.html\u00bb url_new_window=\u00bbon\u00bb image=\u00bbhttps:\/\/dicim.facmed.unam.mx\/wp-content\/uploads\/2020\/04\/DICiM-Crucigrama-1.png\u00bb _builder_version=\u00bb4.16&#8243; link_option_url=\u00bbhttps:\/\/es.educaplay.com\/juego\/2065022-ibc_i_caso_1.html\u00bb link_option_url_new_window=\u00bbon\u00bb global_colors_info=\u00bb{}\u00bb]<\/p>\n<p>Integraci\u00f3n B\u00e1sico Cl\u00ednica &#8211; I<\/p>\n<p><span style=\"color: #000000;\">| CRUCIGRAMA |<\/span><\/p>\n<p>[\/et_pb_blurb][\/et_pb_column][et_pb_column type=\u00bb1_4&#8243; _builder_version=\u00bb4.16&#8243; global_colors_info=\u00bb{}\u00bb custom_padding__hover=\u00bb|||\u00bb][et_pb_blurb title=\u00bbIBC &#8211; I |  %91 CASO 2 %93&#8243; url=\u00bbhttps:\/\/es.educaplay.com\/juego\/3075348-ibc_i_caso_2.html\u00bb url_new_window=\u00bbon\u00bb image=\u00bbhttps:\/\/dicim.facmed.unam.mx\/wp-content\/uploads\/2020\/04\/DICiM-Crucigrama-1.png\u00bb _builder_version=\u00bb4.16&#8243; link_option_url=\u00bbhttps:\/\/es.educaplay.com\/juego\/3075348-ibc_i_caso_2.html\u00bb link_option_url_new_window=\u00bbon\u00bb global_colors_info=\u00bb{}\u00bb]<\/p>\n<p>Integraci\u00f3n B\u00e1sico Cl\u00ednica &#8211; I<\/p>\n<p><span style=\"color: #000000;\">| CRUCIGRAMA |<\/span><\/p>\n<p>[\/et_pb_blurb][\/et_pb_column][et_pb_column type=\u00bb1_4&#8243; _builder_version=\u00bb4.16&#8243; global_colors_info=\u00bb{}\u00bb custom_padding__hover=\u00bb|||\u00bb][et_pb_blurb title=\u00bbIBC &#8211; I | %91 CASO 3 %93&#8243; url=\u00bbhttps:\/\/es.educaplay.com\/juego\/3507879-ibc_i_caso_3.html\u00bb url_new_window=\u00bbon\u00bb image=\u00bbhttps:\/\/dicim.facmed.unam.mx\/wp-content\/uploads\/2020\/04\/DICiM-Crucigrama-1.png\u00bb _builder_version=\u00bb4.16&#8243; link_option_url=\u00bbhttps:\/\/es.educaplay.com\/juego\/3507879-ibc_i_caso_3.html\u00bb link_option_url_new_window=\u00bbon\u00bb global_colors_info=\u00bb{}\u00bb]<\/p>\n<p>Integraci\u00f3n B\u00e1sico Cl\u00ednica &#8211; I<\/p>\n<p><span style=\"color: #000000;\">| CRUCIGRAMA |<\/span><\/p>\n<p>[\/et_pb_blurb][\/et_pb_column][et_pb_column type=\u00bb1_4&#8243; _builder_version=\u00bb4.16&#8243; global_colors_info=\u00bb{}\u00bb custom_padding__hover=\u00bb|||\u00bb][et_pb_blurb title=\u00bbIBC &#8211; I | %91 CASO 4 %93&#8243; url=\u00bbhttps:\/\/es.educaplay.com\/juego\/3507893-ibc_i_caso_4.html\u00bb url_new_window=\u00bbon\u00bb image=\u00bbhttps:\/\/dicim.facmed.unam.mx\/wp-content\/uploads\/2020\/04\/DICiM-Crucigrama-1.png\u00bb _builder_version=\u00bb4.16&#8243; link_option_url=\u00bbhttps:\/\/es.educaplay.com\/juego\/3507893-ibc_i_caso_4.html\u00bb link_option_url_new_window=\u00bbon\u00bb global_colors_info=\u00bb{}\u00bb]<\/p>\n<p>Integraci\u00f3n B\u00e1sico Cl\u00ednica &#8211; I<\/p>\n<p><span style=\"color: #000000;\">| CRUCIGRAMA |<\/span><\/p>\n<p>[\/et_pb_blurb][\/et_pb_column][\/et_pb_row][\/et_pb_section][et_pb_section fb_built=\u00bb1&#8243; _builder_version=\u00bb4.16&#8243; custom_padding=\u00bb0px|0px|0px|0px|false|false\u00bb global_colors_info=\u00bb{}\u00bb][\/et_pb_section][et_pb_section fb_built=\u00bb1&#8243; _builder_version=\u00bb4.16&#8243; background_color=\u00bb#f4f4f4&#8243; custom_padding=\u00bb50px||70px|||\u00bb global_colors_info=\u00bb{}\u00bb][et_pb_row _builder_version=\u00bb4.16&#8243; custom_padding=\u00bb50px|0px|0|0px|false|false\u00bb global_colors_info=\u00bb{}\u00bb][et_pb_column type=\u00bb4_4&#8243; _builder_version=\u00bb4.16&#8243; global_colors_info=\u00bb{}\u00bb custom_padding__hover=\u00bb|||\u00bb][et_pb_text _builder_version=\u00bb4.16&#8243; custom_margin=\u00bb-1px|||||\u00bb custom_padding=\u00bb18px|||||\u00bb global_colors_info=\u00bb{}\u00bb]<\/p>\n<h3 style=\"text-align: center;\"><span style=\"color: #3366ff;\">INTEGRACI\u00d3N CL\u00cdNICO B\u00c1SICA<\/span><\/h3>\n<p>[\/et_pb_text][\/et_pb_column][\/et_pb_row][et_pb_row _builder_version=\u00bb4.16&#8243; global_colors_info=\u00bb{}\u00bb][et_pb_column type=\u00bb4_4&#8243; _builder_version=\u00bb4.16&#8243; custom_padding=\u00bb|||\u00bb global_colors_info=\u00bb{}\u00bb custom_padding__hover=\u00bb|||\u00bb][et_pb_button button_url=\u00bbhttps:\/\/dicim.facmed.unam.mx\/index.php\/rutas-clinicas\/\u00bb button_text=\u00bbRUTAS CL\u00cdNICAS\u00bb button_alignment=\u00bbcenter\u00bb _builder_version=\u00bb4.16&#8243; custom_button=\u00bbon\u00bb button_text_size=\u00bb70px\u00bb button_text_color=\u00bb#ffffff\u00bb button_bg_color=\u00bb#3366ff\u00bb button_border_color=\u00bbrgba(0,0,0,0)\u00bb button_font=\u00bb|300|||||||\u00bb background_layout=\u00bbdark\u00bb global_colors_info=\u00bb{}\u00bb][\/et_pb_button][\/et_pb_column][\/et_pb_row][\/et_pb_section]<\/p>\n","protected":false},"excerpt":{"rendered":"<p>JUEGOS DICiM \u2013 CECAM EDUCAPLAYINTEGRACI\u00d3N B\u00c1SICO CL\u00cdNICAIntegraci\u00f3n B\u00e1sico Cl\u00ednica &#8211; I | CRUCIGRAMA |Integraci\u00f3n B\u00e1sico Cl\u00ednica &#8211; I | CRUCIGRAMA |Integraci\u00f3n B\u00e1sico Cl\u00ednica &#8211; I | CRUCIGRAMA |Integraci\u00f3n B\u00e1sico Cl\u00ednica &#8211; I | CRUCIGRAMA |INTEGRACI\u00d3N CL\u00cdNICO B\u00c1SICA<\/p>\n","protected":false},"author":3,"featured_media":0,"parent":0,"menu_order":0,"comment_status":"closed","ping_status":"closed","template":"","meta":{"_et_pb_use_builder":"on","_et_pb_old_content":"","_et_gb_content_width":"","footnotes":""},"class_list":["post-2890","page","type-page","status-publish","hentry"],"jetpack_sharing_enabled":true,"jetpack_shortlink":"https:\/\/wp.me\/PaRPU8-KC","_links":{"self":[{"href":"https:\/\/dicim.facmed.unam.mx\/index.php\/wp-json\/wp\/v2\/pages\/2890","targetHints":{"allow":["GET"]}}],"collection":[{"href":"https:\/\/dicim.facmed.unam.mx\/index.php\/wp-json\/wp\/v2\/pages"}],"about":[{"href":"https:\/\/dicim.facmed.unam.mx\/index.php\/wp-json\/wp\/v2\/types\/page"}],"author":[{"embeddable":true,"href":"https:\/\/dicim.facmed.unam.mx\/index.php\/wp-json\/wp\/v2\/users\/3"}],"replies":[{"embeddable":true,"href":"https:\/\/dicim.facmed.unam.mx\/index.php\/wp-json\/wp\/v2\/comments?post=2890"}],"version-history":[{"count":15,"href":"https:\/\/dicim.facmed.unam.mx\/index.php\/wp-json\/wp\/v2\/pages\/2890\/revisions"}],"predecessor-version":[{"id":8067,"href":"https:\/\/dicim.facmed.unam.mx\/index.php\/wp-json\/wp\/v2\/pages\/2890\/revisions\/8067"}],"wp:attachment":[{"href":"https:\/\/dicim.facmed.unam.mx\/index.php\/wp-json\/wp\/v2\/media?parent=2890"}],"curies":[{"name":"wp","href":"https:\/\/api.w.org\/{rel}","templated":true}]}}