{"id":213,"date":"2018-12-03T22:22:12","date_gmt":"2018-12-03T22:22:12","guid":{"rendered":"http:\/\/paginas.facmed.unam.mx\/deptos\/dic\/?page_id=213"},"modified":"2025-11-05T21:41:30","modified_gmt":"2025-11-05T21:41:30","slug":"servicio-social","status":"publish","type":"page","link":"https:\/\/dicim.facmed.unam.mx\/index.php\/servicio-social\/","title":{"rendered":"SERVICIO SOCIAL"},"content":{"rendered":"<p>[et_pb_section fb_built=\u00bb1&#8243; _builder_version=\u00bb4.16&#8243; custom_margin=\u00bb||-1px|||\u00bb custom_padding=\u00bb50px|0px|0|0px|false|false\u00bb global_colors_info=\u00bb{}\u00bb][et_pb_row _builder_version=\u00bb4.16&#8243; global_colors_info=\u00bb{}\u00bb][et_pb_column type=\u00bb4_4&#8243; _builder_version=\u00bb4.16&#8243; global_colors_info=\u00bb{}\u00bb custom_padding__hover=\u00bb|||\u00bb][et_pb_text _builder_version=\u00bb4.27.4&#8243; animation_style=\u00bbbounce\u00bb animation_direction=\u00bbleft\u00bb global_colors_info=\u00bb{}\u00bb]<\/p>\n<h1 style=\"text-align: left;\">FORMAR PARTE DEL EQUIPO DICiM &#8211; CECAM<\/h1>\n<p style=\"text-align: left;\"><span style=\"color: #3366ff;\">\u00a1REALIZA TU SERVICIO SOCIAL CON NOSOTR@S!<\/span><\/p>\n<p>[\/et_pb_text][\/et_pb_column][\/et_pb_row][et_pb_row _builder_version=\u00bb4.16&#8243; custom_padding=\u00bb||0px|||\u00bb global_colors_info=\u00bb{}\u00bb][et_pb_column type=\u00bb4_4&#8243; _builder_version=\u00bb4.16&#8243; global_colors_info=\u00bb{}\u00bb custom_padding__hover=\u00bb|||\u00bb][et_pb_text _builder_version=\u00bb4.27.4&#8243; text_font=\u00bb||||||||\u00bb ul_font=\u00bb||||||||\u00bb ul_line_height=\u00bb1.5em\u00bb ol_font=\u00bb|800|||||||\u00bb ol_text_color=\u00bb#0c71c3&#8243; ol_line_height=\u00bb1.6em\u00bb animation_style=\u00bbbounce\u00bb animation_direction=\u00bbbottom\u00bb global_colors_info=\u00bb{}\u00bb]<\/p>\n<h2>\u00bfD\u00d3NDE?<\/h2>\n<p style=\"text-align: justify;\">En el <span style=\"color: #3366ff;\"><strong>DICiM<\/strong><\/span>, ubicado en el piso <span style=\"color: #3366ff;\"><strong>3\u00ba del edificio B de la Facultad de Medicina<\/strong><\/span> y en el\u00a0<strong><span style=\"color: #3366ff;\">CECAM<\/span>,<\/strong>\u00a0ubicado en el\u00a0<span style=\"color: #3366ff;\"><strong>5\u00ba piso del edificio A.<\/strong><\/span> El CECAM abri\u00f3 sus puertas en el 2005, dise\u00f1ado para reproducir una gran variedad de situaciones m\u00e9dicas intra y extrahospitalarias. Cuenta con diversas salas de pr\u00e1ctica y m\u00e1s de 300 simuladores de alta tecnolog\u00eda a disposici\u00f3n de los estudiantes de pregrado.<\/p>\n<p>&nbsp;<\/p>\n<h2>ACTIVIDADES<\/h2>\n<ul>\n<li>Colaborar como facilitador con los estudiantes de pregrado impartiendo sesiones de<span style=\"color: #3366ff;\">\u00a0simulaci\u00f3n cl\u00ednica<\/span><\/li>\n<li>Brindar atenci\u00f3n en diferentes actividades y eventos dirigidos a poblaci\u00f3n FACMED, comunidad UNAM y p\u00fablico en general<\/li>\n<\/ul>\n<p>[\/et_pb_text][\/et_pb_column][\/et_pb_row][et_pb_row _builder_version=\u00bb4.16&#8243; custom_padding=\u00bb30px||0px|||\u00bb global_colors_info=\u00bb{}\u00bb][et_pb_column type=\u00bb4_4&#8243; _builder_version=\u00bb4.16&#8243; global_colors_info=\u00bb{}\u00bb custom_padding__hover=\u00bb|||\u00bb][et_pb_text _builder_version=\u00bb4.27.4&#8243; text_font=\u00bb||||||||\u00bb ul_font=\u00bb||||||||\u00bb ul_line_height=\u00bb1.5em\u00bb ol_font=\u00bb|800|||||||\u00bb ol_text_color=\u00bb#0c71c3&#8243; ol_line_height=\u00bb1.6em\u00bb animation_style=\u00bbbounce\u00bb animation_direction=\u00bbleft\u00bb global_colors_info=\u00bb{}\u00bb]<\/p>\n<h3>BENEFICIOS Y OPORTUNIDADES<\/h3>\n<ul>\n<li>Obtendr\u00e1s experiencia docente<\/li>\n<li>Tendr\u00e1s tutorias personales<\/li>\n<li>Recibir\u00e1s formaci\u00f3n y actualizaci\u00f3n m\u00e9dica &#8211; docente<\/li>\n<li>Contar\u00e1s con el periodo vacacional de la UNAM<\/li>\n<li>Obtedr\u00e1s cursos de reanimaci\u00f3n cardiopulmonar b\u00e1sica, avanzada y de <span style=\"color: #3366ff;\"><strong>PARAB<\/strong><\/span> (Programa Ayudando a Respirar a los Beb\u00e9s)<\/li>\n<\/ul>\n<p>[\/et_pb_text][\/et_pb_column][\/et_pb_row][et_pb_row column_structure=\u00bb1_2,1_2&#8243; _builder_version=\u00bb4.27.4&#8243; custom_padding=\u00bb30px||0px|||\u00bb animation_style=\u00bbbounce\u00bb animation_direction=\u00bbbottom\u00bb global_colors_info=\u00bb{}\u00bb][et_pb_column type=\u00bb1_2&#8243; _builder_version=\u00bb4.16&#8243; custom_padding=\u00bb|||\u00bb global_colors_info=\u00bb{}\u00bb custom_padding__hover=\u00bb|||\u00bb][et_pb_text _builder_version=\u00bb4.16&#8243; text_font=\u00bb||||||||\u00bb ul_font=\u00bb||||||||\u00bb ul_line_height=\u00bb1.5em\u00bb ol_font=\u00bb|800|||||||\u00bb ol_text_color=\u00bb#0c71c3&#8243; ol_line_height=\u00bb1.6em\u00bb global_colors_info=\u00bb{}\u00bb]<\/p>\n<h3>REQUISITOS<\/h3>\n<p><span style=\"color: #3366ff;\"><strong>1. Ser alumno regular con p<\/strong><\/span><span style=\"color: #3366ff;\"><strong>romedio igual o superior a 8.5<br \/><\/strong><\/span><span style=\"color: #3366ff;\"><strong>2. Disponibilidad de horario\u00a0<\/strong>(lunes a s\u00e1bado)<strong><br \/><\/strong><\/span><span style=\"color: #3366ff;\"><strong>3. Disposici\u00f3n para aprender y g<\/strong><\/span><span style=\"color: #3366ff;\"><strong>usto por la docencia<\/strong><\/span><\/p>\n<p><span style=\"color: #3366ff;\"><\/span><\/p>\n<p>[\/et_pb_text][\/et_pb_column][et_pb_column type=\u00bb1_2&#8243; _builder_version=\u00bb4.16&#8243; custom_padding=\u00bb|||\u00bb global_colors_info=\u00bb{}\u00bb custom_padding__hover=\u00bb|||\u00bb][et_pb_text _builder_version=\u00bb4.16&#8243; text_font=\u00bb||||||||\u00bb ul_font=\u00bb||||||||\u00bb ul_line_height=\u00bb1.5em\u00bb ol_font=\u00bb|800|||||||\u00bb ol_text_color=\u00bb#0c71c3&#8243; ol_line_height=\u00bb1.6em\u00bb global_colors_info=\u00bb{}\u00bb]<\/p>\n<h2><span style=\"font-size: x-large;\">PROCESO<\/span><\/h2>\n<ul>\n<li>Realizar tu inscripci\u00f3n oficial en el <a href=\"http:\/\/www.facmed.unam.mx\/sg\/css\/\" target=\"_blank\" rel=\"noopener noreferrer\">SECISS<\/a><\/li>\n<li>Entregar documentaci\u00f3n y realizar una entrevista en el DICiM<\/li>\n<\/ul>\n<p><span style=\"color: #3366ff;\"><\/span><\/p>\n<p>[\/et_pb_text][\/et_pb_column][\/et_pb_row][et_pb_row column_structure=\u00bb1_3,2_3&#8243; _builder_version=\u00bb4.16&#8243; custom_padding=\u00bb30px||0px|||\u00bb global_colors_info=\u00bb{}\u00bb][et_pb_column type=\u00bb1_3&#8243; _builder_version=\u00bb4.16&#8243; global_colors_info=\u00bb{}\u00bb custom_padding__hover=\u00bb|||\u00bb][et_pb_text _builder_version=\u00bb4.16&#8243; text_font=\u00bb||||||||\u00bb ul_font=\u00bb||||||||\u00bb ul_line_height=\u00bb1.5em\u00bb ol_font=\u00bb|800|||||||\u00bb ol_text_color=\u00bb#0c71c3&#8243; ol_line_height=\u00bb1.6em\u00bb custom_margin=\u00bb||9px|||\u00bb global_colors_info=\u00bb{}\u00bb]<\/p>\n<h2>LINEAMINETOS GENERALES<\/h2>\n<p><span style=\"color: #3366ff;\"><\/span><\/p>\n<p>[\/et_pb_text][et_pb_blurb title=\u00bbCONSULTA LOS LINEAMIENTOS CECAM\u00bb url=\u00bbhttps:\/\/dicim.facmed.unam.mx\/wp-content\/uploads\/2025\/11\/MPSS_LineamientosCECAM.pdf\u00bb url_new_window=\u00bbon\u00bb image=\u00bbhttps:\/\/dicim.facmed.unam.mx\/wp-content\/uploads\/2018\/12\/BotonPDF-04.png\u00bb _builder_version=\u00bb4.27.4&#8243; header_level=\u00bbh6&#8243; header_font=\u00bb||||||||\u00bb body_font=\u00bb||||||||\u00bb body_font_size=\u00bb11px\u00bb custom_padding=\u00bb||30px|||\u00bb global_colors_info=\u00bb{}\u00bb]<\/p>\n<p>PARA M\u00c9DICOS PASANTES DE SERVICIO SOCIAL<\/p>\n<p>[\/et_pb_blurb][et_pb_text _builder_version=\u00bb4.16&#8243; text_font=\u00bb||||||||\u00bb ul_font=\u00bb||||||||\u00bb ul_line_height=\u00bb1.5em\u00bb ol_font=\u00bb|800|||||||\u00bb ol_text_color=\u00bb#0c71c3&#8243; ol_line_height=\u00bb1.6em\u00bb global_colors_info=\u00bb{}\u00bb]<\/p>\n<h2>[\u00a0<span>+ ]\u00a0<\/span>INFORMES<\/h2>\n<p><span style=\"color: #3366ff;\">Correo electr\u00f3nico: <a href=\"mailto:dicim@facmed.unam.mx\">dicim@facmed.unam.mx<\/a>\u00a0<\/span><\/p>\n<p><span style=\"color: #3366ff;\"><\/span><\/p>\n<p>[\/et_pb_text][\/et_pb_column][et_pb_column type=\u00bb2_3&#8243; _builder_version=\u00bb4.16&#8243; global_colors_info=\u00bb{}\u00bb custom_padding__hover=\u00bb|||\u00bb][et_pb_image src=\u00bbhttps:\/\/dicim.facmed.unam.mx\/wp-content\/uploads\/2019\/09\/DICiM-S.S.png\u00bb _builder_version=\u00bb4.16&#8243; min_height=\u00bb383.4px\u00bb custom_margin=\u00bb65px||-3px|||\u00bb global_colors_info=\u00bb{}\u00bb][\/et_pb_image][\/et_pb_column][\/et_pb_row][\/et_pb_section]<\/p>\n","protected":false},"excerpt":{"rendered":"<p>FORMAR PARTE DEL EQUIPO DICiM &#8211; CECAM \u00a1REALIZA TU SERVICIO SOCIAL CON NOSOTR@S!\u00bfD\u00d3NDE? En el DICiM, ubicado en el piso 3\u00ba del edificio B de la Facultad de Medicina y en el\u00a0CECAM,\u00a0ubicado en el\u00a05\u00ba piso del edificio A. El CECAM abri\u00f3 sus puertas en el 2005, dise\u00f1ado para reproducir una gran variedad de situaciones m\u00e9dicas [&hellip;]<\/p>\n","protected":false},"author":3,"featured_media":0,"parent":0,"menu_order":0,"comment_status":"closed","ping_status":"closed","template":"","meta":{"_et_pb_use_builder":"on","_et_pb_old_content":"","_et_gb_content_width":"","footnotes":""},"class_list":["post-213","page","type-page","status-publish","hentry"],"jetpack_sharing_enabled":true,"jetpack_shortlink":"https:\/\/wp.me\/PaRPU8-3r","_links":{"self":[{"href":"https:\/\/dicim.facmed.unam.mx\/index.php\/wp-json\/wp\/v2\/pages\/213","targetHints":{"allow":["GET"]}}],"collection":[{"href":"https:\/\/dicim.facmed.unam.mx\/index.php\/wp-json\/wp\/v2\/pages"}],"about":[{"href":"https:\/\/dicim.facmed.unam.mx\/index.php\/wp-json\/wp\/v2\/types\/page"}],"author":[{"embeddable":true,"href":"https:\/\/dicim.facmed.unam.mx\/index.php\/wp-json\/wp\/v2\/users\/3"}],"replies":[{"embeddable":true,"href":"https:\/\/dicim.facmed.unam.mx\/index.php\/wp-json\/wp\/v2\/comments?post=213"}],"version-history":[{"count":24,"href":"https:\/\/dicim.facmed.unam.mx\/index.php\/wp-json\/wp\/v2\/pages\/213\/revisions"}],"predecessor-version":[{"id":10727,"href":"https:\/\/dicim.facmed.unam.mx\/index.php\/wp-json\/wp\/v2\/pages\/213\/revisions\/10727"}],"wp:attachment":[{"href":"https:\/\/dicim.facmed.unam.mx\/index.php\/wp-json\/wp\/v2\/media?parent=213"}],"curies":[{"name":"wp","href":"https:\/\/api.w.org\/{rel}","templated":true}]}}