{"id":11032,"date":"2026-02-05T23:25:00","date_gmt":"2026-02-05T23:25:00","guid":{"rendered":"https:\/\/dicim.facmed.unam.mx\/?page_id=11032"},"modified":"2026-03-12T21:45:45","modified_gmt":"2026-03-12T21:45:45","slug":"debs","status":"publish","type":"page","link":"https:\/\/dicim.facmed.unam.mx\/index.php\/debs\/","title":{"rendered":"DEBS"},"content":{"rendered":"<p>[et_pb_section fb_built=\u00bb1&#8243; _builder_version=\u00bb4.27.5&#8243; background_color=\u00bb#d7ddf4&#8243; custom_margin=\u00bb||-1px|||\u00bb custom_padding=\u00bb50px|0px|50px|0px|false|false\u00bb global_colors_info=\u00bb{}\u00bb][et_pb_row _builder_version=\u00bb4.16&#8243; custom_padding=\u00bb3px||1px|||\u00bb global_colors_info=\u00bb{}\u00bb][et_pb_column type=\u00bb4_4&#8243; _builder_version=\u00bb4.16&#8243; global_colors_info=\u00bb{}\u00bb custom_padding__hover=\u00bb|||\u00bb][et_pb_text _builder_version=\u00bb4.27.5&#8243; animation_style=\u00bbbounce\u00bb animation_direction=\u00bbleft\u00bb global_colors_info=\u00bb{}\u00bb]<\/p>\n<h3 style=\"text-align: left;\"><span style=\"color: #3366ff;\">DIPLOMADO EN EDUCACI\u00d3N BASADA EN SIMULACI\u00d3N<\/span><\/h3>\n<p style=\"text-align: left;\"><strong>PARA CIENCIAS DE LA SALUD<\/strong><\/p>\n<p>[\/et_pb_text][\/et_pb_column][\/et_pb_row][et_pb_row column_structure=\u00bb3_5,2_5&#8243; _builder_version=\u00bb4.16&#8243; custom_padding=\u00bb0px||30px|||\u00bb global_colors_info=\u00bb{}\u00bb][et_pb_column type=\u00bb3_5&#8243; _builder_version=\u00bb4.16&#8243; custom_padding=\u00bb|||\u00bb global_colors_info=\u00bb{}\u00bb custom_padding__hover=\u00bb|||\u00bb][et_pb_text _builder_version=\u00bb4.27.5&#8243; text_font=\u00bb||||||||\u00bb ul_font=\u00bb||||||||\u00bb ul_line_height=\u00bb1.5em\u00bb ol_font=\u00bb|800|||||||\u00bb ol_text_color=\u00bb#0c71c3&#8243; ol_line_height=\u00bb1.6em\u00bb header_font=\u00bb||||||||\u00bb text_orientation=\u00bbright\u00bb custom_padding=\u00bb29px|||||\u00bb animation_style=\u00bbbounce\u00bb animation_direction=\u00bbbottom\u00bb global_colors_info=\u00bb{}\u00bb]<\/p>\n<p style=\"text-align: left;\"><span style=\"color: #3366ff;\"><strong>OBJETIVOS:<\/strong><\/span><\/p>\n<p style=\"text-align: left;\"><span style=\"color: #2c3b51;\"><span data-contrast=\"auto\" class=\"TextRun SCXW108796693 BCX0\" xml:lang=\"ES-MX\" lang=\"ES-MX\"><span class=\"NormalTextRun SCXW108796693 BCX0\"><strong>Formar profesionales en educaci\u00f3n basada en simulaci\u00f3n<\/strong> capaces de dise\u00f1ar y aplicar actividades de aprendizaje con simulaci\u00f3n, congruentes a los programas acad\u00e9micos y al perfil de sus estudiantes; evaluar las actividades desarrolladas con la finalidad de ver los alcances en la adquisici\u00f3n de las competencias.<\/span><\/span><\/span><\/p>\n<p style=\"text-align: left;\"><span style=\"color: #3366ff;\"><strong>DURACI\u00d3N:<\/strong><\/span><\/p>\n<p style=\"text-align: left;\"><span data-contrast=\"auto\" class=\"TextRun SCXW153170797 BCX0\" xml:lang=\"ES-MX\" lang=\"ES-MX\" style=\"color: #2c3b51;\"><span class=\"NormalTextRun SCXW153170797 BCX0\"><strong>180 horas<\/strong> en l\u00edne@ | <strong>16 horas<\/strong> presenciales | <strong>Total: 196 horas.<\/strong><\/span><\/span><span style=\"color: #327ef9;\"><\/span><\/p>\n<p style=\"text-align: left;\"><span style=\"color: #3366ff;\"><strong>M\u00d3DULOS:<\/strong><\/span><\/p>\n<p style=\"text-align: left;\"><strong>M\u00f3dulo I.<\/strong> La simulaci\u00f3n y la educaci\u00f3n en ciencias de la salud.<br \/><strong>M\u00f3dulo II.<\/strong> Fundamentos te\u00f3ricos del aprendizaje del adulto.<br \/><strong>M\u00f3dulo III.<\/strong> Simulaci\u00f3n cl\u00ednica.<br \/><strong>M\u00f3dulo IV.<\/strong> Dise\u00f1o de actividades con simulaci\u00f3n.<br \/><strong>M\u00f3dulo V.<\/strong> Manejo de recursos en crisis (CRM).<br \/><strong>M\u00f3dulo VI.<\/strong> Aprendizaje reflexivo.<br \/><strong>M\u00f3dulo VII.<\/strong> Evaluaci\u00f3n en simulaci\u00f3n.<br \/><strong>M\u00f3dulo VIII.<\/strong> Investigaci\u00f3n y \u00e9tica en simulaci\u00f3n.<br \/><strong>M\u00f3dulo IX.<\/strong> Innovaci\u00f3n y nuevas tecnolog\u00edas.<\/p>\n<p>[\/et_pb_text][et_pb_button button_url=\u00bbhttps:\/\/forms.gle\/Si5zsxwHJs2SA5dj6&#8243; url_new_window=\u00bbon\u00bb button_text=\u00bb\u00a1REG\u00cdSTRATE!\u00bb _builder_version=\u00bb4.27.6&#8243; _module_preset=\u00bbdefault\u00bb custom_button=\u00bbon\u00bb button_text_size=\u00bb13px\u00bb button_text_color=\u00bb#475270&#8243; button_bg_color=\u00bb#AADB24&#8243; button_border_width=\u00bb0px\u00bb button_border_color=\u00bb#ffcb05&#8243; button_font=\u00bb|600|||||||\u00bb background_layout=\u00bbdark\u00bb animation_style=\u00bbbounce\u00bb animation_direction=\u00bbleft\u00bb hover_enabled=\u00bb0&#8243; global_colors_info=\u00bb{}\u00bb sticky_enabled=\u00bb0&#8243;][\/et_pb_button][\/et_pb_column][et_pb_column type=\u00bb2_5&#8243; _builder_version=\u00bb4.16&#8243; custom_padding=\u00bb|||\u00bb global_colors_info=\u00bb{}\u00bb custom_padding__hover=\u00bb|||\u00bb][et_pb_image src=\u00bbhttps:\/\/dicim.facmed.unam.mx\/wp-content\/uploads\/2026\/02\/DICiM-Cartel2026C_04-1-scaled.jpg\u00bb title_text=\u00bbDICiM &#8211; Cartel2026C_04&#8243; align_tablet=\u00bbcenter\u00bb align_phone=\u00bbcenter\u00bb align_last_edited=\u00bbon|desktop\u00bb _builder_version=\u00bb4.27.5&#8243; animation_style=\u00bbbounce\u00bb animation_direction=\u00bbbottom\u00bb animation_delay=\u00bb700ms\u00bb border_radii=\u00bbon|10px|10px|10px|10px\u00bb global_colors_info=\u00bb{}\u00bb][\/et_pb_image][\/et_pb_column][\/et_pb_row][et_pb_row _builder_version=\u00bb4.16&#8243; custom_margin=\u00bb|auto|1px|auto||\u00bb custom_padding=\u00bb0px||2px|||\u00bb global_colors_info=\u00bb{}\u00bb][et_pb_column type=\u00bb4_4&#8243; _builder_version=\u00bb4.16&#8243; custom_padding=\u00bb|||\u00bb global_colors_info=\u00bb{}\u00bb custom_padding__hover=\u00bb|||\u00bb][et_pb_text _builder_version=\u00bb4.27.5&#8243; animation_style=\u00bbbounce\u00bb animation_direction=\u00bbbottom\u00bb global_colors_info=\u00bb{}\u00bb]<\/p>\n<p><span style=\"color: #3366ff;\"><strong>PR\u00d3XIMAS FECHAS:<\/strong><\/span><span style=\"color: #a02c30;\"><\/span><\/p>\n<p><strong>Sesiones asincr\u00f3nicas: <span style=\"color: #3366ff;\">02 de junio al 04 de diciembre, 2026<\/span><\/strong><br \/><strong>Sesi\u00f3nes sincr\u00f3nicas:<\/strong> <span style=\"color: #3366ff;\"><strong>03, 17 de junio | 01 de julio | 05, 12, 26 de agosto | 02, 09, 23, 30 de septiembre | 07, 21, 28 de octubre | 11 de noviembre, 2026<\/strong> | Horario: 15:00 &#8211; 17:00 h Ciudad de M\u00e9xico (Plataforma: Zoom)<br \/><\/span><strong>Sesi\u00f3nes presenciales: <\/strong><span style=\"color: #3366ff;\"><strong>19 &#8211; 20 de noviembre, 2026<\/strong> | Horario: 08:30 &#8211; 16:00 h Ciudad de M\u00e9xico (Centro de Ense\u00f1anza y Certificaci\u00f3n de Aptitudes M\u00e9dicas, CECAM &#8211; FACMED \u00b7 UNAM)<\/span><\/p>\n<p><span style=\"color: #3366ff;\"><strong>\u00a1L@S ESPERAMOS!<\/strong><\/span><\/p>\n<p>[\/et_pb_text][\/et_pb_column][\/et_pb_row][\/et_pb_section]<\/p>\n","protected":false},"excerpt":{"rendered":"<p>DIPLOMADO EN EDUCACI\u00d3N BASADA EN SIMULACI\u00d3N PARA CIENCIAS DE LA SALUDOBJETIVOS: Formar profesionales en educaci\u00f3n basada en simulaci\u00f3n capaces de dise\u00f1ar y aplicar actividades de aprendizaje con simulaci\u00f3n, congruentes a los programas acad\u00e9micos y al perfil de sus estudiantes; evaluar las actividades desarrolladas con la finalidad de ver los alcances en la adquisici\u00f3n de las [&hellip;]<\/p>\n","protected":false},"author":3,"featured_media":0,"parent":0,"menu_order":0,"comment_status":"closed","ping_status":"closed","template":"","meta":{"_et_pb_use_builder":"on","_et_pb_old_content":"","_et_gb_content_width":"","footnotes":""},"class_list":["post-11032","page","type-page","status-publish","hentry"],"jetpack_sharing_enabled":true,"jetpack_shortlink":"https:\/\/wp.me\/PaRPU8-2RW","_links":{"self":[{"href":"https:\/\/dicim.facmed.unam.mx\/index.php\/wp-json\/wp\/v2\/pages\/11032","targetHints":{"allow":["GET"]}}],"collection":[{"href":"https:\/\/dicim.facmed.unam.mx\/index.php\/wp-json\/wp\/v2\/pages"}],"about":[{"href":"https:\/\/dicim.facmed.unam.mx\/index.php\/wp-json\/wp\/v2\/types\/page"}],"author":[{"embeddable":true,"href":"https:\/\/dicim.facmed.unam.mx\/index.php\/wp-json\/wp\/v2\/users\/3"}],"replies":[{"embeddable":true,"href":"https:\/\/dicim.facmed.unam.mx\/index.php\/wp-json\/wp\/v2\/comments?post=11032"}],"version-history":[{"count":11,"href":"https:\/\/dicim.facmed.unam.mx\/index.php\/wp-json\/wp\/v2\/pages\/11032\/revisions"}],"predecessor-version":[{"id":11222,"href":"https:\/\/dicim.facmed.unam.mx\/index.php\/wp-json\/wp\/v2\/pages\/11032\/revisions\/11222"}],"wp:attachment":[{"href":"https:\/\/dicim.facmed.unam.mx\/index.php\/wp-json\/wp\/v2\/media?parent=11032"}],"curies":[{"name":"wp","href":"https:\/\/api.w.org\/{rel}","templated":true}]}}