{"id":102,"date":"2018-11-26T19:53:04","date_gmt":"2018-11-26T19:53:04","guid":{"rendered":"http:\/\/paginas.facmed.unam.mx\/deptos\/dic\/?page_id=102"},"modified":"2026-01-08T21:05:00","modified_gmt":"2026-01-08T21:05:00","slug":"asignaturas","status":"publish","type":"page","link":"https:\/\/dicim.facmed.unam.mx\/index.php\/asignaturas\/","title":{"rendered":"ASIGNATURAS"},"content":{"rendered":"<p>[et_pb_section fb_built=\u00bb1&#8243; _builder_version=\u00bb4.16&#8243; custom_padding=\u00bb50px|0px|0|0px|false|false\u00bb global_colors_info=\u00bb{}\u00bb][et_pb_row _builder_version=\u00bb4.16&#8243; global_colors_info=\u00bb{}\u00bb][et_pb_column type=\u00bb4_4&#8243; _builder_version=\u00bb4.16&#8243; global_colors_info=\u00bb{}\u00bb custom_padding__hover=\u00bb|||\u00bb][et_pb_text _builder_version=\u00bb4.16&#8243; global_colors_info=\u00bb{}\u00bb]<\/p>\n<h1 style=\"text-align: center;\">DICiM \u2013 CECAM<\/h1>\n<p style=\"text-align: center;\">ASIGNATURAS<\/p>\n<p>[\/et_pb_text][\/et_pb_column][\/et_pb_row][\/et_pb_section][et_pb_section fb_built=\u00bb1&#8243; _builder_version=\u00bb4.16&#8243; custom_padding=\u00bb0|0px|0|0px|false|false\u00bb global_colors_info=\u00bb{}\u00bb][et_pb_row column_structure=\u00bb1_4,3_4&#8243; _builder_version=\u00bb4.16&#8243; custom_padding=\u00bb||50px|||\u00bb global_colors_info=\u00bb{}\u00bb][et_pb_column type=\u00bb1_4&#8243; _builder_version=\u00bb4.16&#8243; custom_padding=\u00bb|||\u00bb global_colors_info=\u00bb{}\u00bb custom_padding__hover=\u00bb|||\u00bb][et_pb_image src=\u00bbhttps:\/\/dicim.facmed.unam.mx\/wp-content\/uploads\/2022\/05\/DICiM-Web_MV-01-1.png\u00bb align_tablet=\u00bbcenter\u00bb align_phone=\u00bbcenter\u00bb align_last_edited=\u00bbon|desktop\u00bb _builder_version=\u00bb4.16&#8243; global_colors_info=\u00bb{}\u00bb][\/et_pb_image][\/et_pb_column][et_pb_column type=\u00bb3_4&#8243; _builder_version=\u00bb4.16&#8243; custom_padding=\u00bb|||\u00bb global_colors_info=\u00bb{}\u00bb custom_padding__hover=\u00bb|||\u00bb][et_pb_text _builder_version=\u00bb4.27.5&#8243; text_font=\u00bb||||||||\u00bb header_font=\u00bb||||||||\u00bb header_2_font=\u00bb||||||||\u00bb header_3_font=\u00bb||||||||\u00bb header_4_font=\u00bb||||||||\u00bb header_5_font=\u00bb||||||||\u00bb header_5_line_height=\u00bb1.5em\u00bb custom_padding=\u00bb20px|||||\u00bb hover_enabled=\u00bb0&#8243; global_colors_info=\u00bb{}\u00bb sticky_enabled=\u00bb0&#8243;]<\/p>\n<p class=\"p1\" style=\"text-align: justify;\">El Departamento de Integraci\u00f3n de Ciencias M\u00e9dicas tiene a su cargo cuatro asignaturas; d<span class=\"s1\">os anuales,\u00a0<span style=\"text-decoration: underline;\"><a href=\"https:\/\/dicim.facmed.unam.mx\/wp-content\/uploads\/2025\/07\/2026.-PAIBCI.pdf\" target=\"_blank\" rel=\"noopener\"><span style=\"color: #e09900; text-decoration: underline;\">Integraci\u00f3n B\u00e1sico Cl\u00ednica I\u00a0<b>IBC I<\/b><\/span><\/a><\/span> <a href=\"https:\/\/dicim.facmed.unam.mx\/index.php\/ibc-i\/\" target=\"_blank\" rel=\"noopener\"><span style=\"color: #e09900;\"><b><\/b><\/span><\/a><span style=\"text-decoration: underline;\"><a href=\"https:\/\/dicim.facmed.unam.mx\/index.php\/ibc-i\/\" target=\"_blank\" rel=\"noopener\"><\/a><\/span>durante el\u00a0primer a\u00f1o<b>\u00a0<\/b>e\u00a0<a href=\"https:\/\/dicim.facmed.unam.mx\/wp-content\/uploads\/2021\/01\/Plan-2010-IBCII.pdf\" target=\"_blank\" rel=\"noopener noreferrer\"><\/a><span style=\"text-decoration: underline;\"><span style=\"color: #ff0000; text-decoration: underline;\"><a href=\"https:\/\/dicim.facmed.unam.mx\/wp-content\/uploads\/2025\/07\/2026.-PAIBCII.pdf\" style=\"color: #ff0000; text-decoration: underline;\" target=\"_blank\" rel=\"noopener\">Integraci\u00f3n B\u00e1sico Cl\u00ednica II\u00a0<b>IBC II <\/b><\/a><\/span><\/span><b><\/b>en el\u00a0segundo a\u00f1o.\u00a0D<\/span>urante los ciclos cl\u00ednicos\u00a0se ubican\u00a0<a href=\"https:\/\/dicim.facmed.unam.mx\/wp-content\/uploads\/2021\/01\/Plan-2010-ICBI.pdf\" target=\"_blank\" rel=\"noopener noreferrer\"><span class=\"s2\"><\/span><\/a><span style=\"text-decoration: underline;\"><span style=\"color: #63a51c;\"><a href=\"https:\/\/dicim.facmed.unam.mx\/wp-content\/uploads\/2026\/01\/ICB.I_2026.Programa_academico.pdf\" style=\"color: #63a51c; text-decoration: underline;\" target=\"_blank\" rel=\"noopener\"><span class=\"s2\">Integraci\u00f3n Cl\u00ednico B\u00e1sica I\u00a0<\/span><span class=\"s2\"><b>ICB I<\/b><\/span><\/a><\/span><\/span><b><a href=\"https:\/\/dicim.facmed.unam.mx\/index.php\/alumnos-icb-i\/\">\u00a0<\/a>\u00a0<\/b>que se cursan durante el\u00a0sexto o s\u00e9ptimo semestre\u00a0y en el\u00a0<span class=\"s1\">octavo o noveno semestre\u00a0<span style=\"text-decoration: underline; color: #3366ff;\"><a href=\"https:\/\/dicim.facmed.unam.mx\/wp-content\/uploads\/2026\/01\/ICB.II_2026.Programa_academico.pdf\" style=\"color: #3366ff;\" target=\"_blank\" rel=\"noopener\">Integraci\u00f3n Cl\u00ednico B\u00e1sica II\u00a0\u00a0<b>ICB II<\/b>.<\/a><\/span><\/span><\/p>\n<p class=\"p1\" style=\"text-align: justify;\"><span class=\"s1\"><\/span><\/p>\n<p class=\"p3\" style=\"text-align: justify;\"><span style=\"font-size: large;\"><em>El prop\u00f3sito es que los estudiantes se enfrenten a problemas cl\u00ednicos complejos, con el fin de identificar y plantear problemas y generar hip\u00f3tesis diagn\u00f3sticas utilizando conocimientos previos y adquiriendo nuevos, que les ayuden en el planteamiento de respuestas y\/o soluciones a las hip\u00f3tesis o diagn\u00f3sticos planteados.<\/em><\/span><\/p>\n<p class=\"p3\" style=\"text-align: justify;\">La metodolog\u00eda utilizada es el aprendizaje basado en problemas, soluci\u00f3n de problemas y simulaci\u00f3n. Esto se logra a trav\u00e9s del trabajo en grupos peque\u00f1os en un ambiente controlado con escenarios realizados\u00a0<i>ex profeso<\/i>; el tutor se convierte en un facilitador del aprendizaje favoreciendo el\u00a0 logro de\u00a0 las competencias profesionales que se esperan de los estudiantes.<\/p>\n<p>&nbsp;<\/p>\n<p>[\/et_pb_text][\/et_pb_column][\/et_pb_row][\/et_pb_section]<\/p>\n","protected":false},"excerpt":{"rendered":"<p>DICiM \u2013 CECAM ASIGNATURASEl Departamento de Integraci\u00f3n de Ciencias M\u00e9dicas tiene a su cargo cuatro asignaturas; dos anuales,\u00a0Integraci\u00f3n B\u00e1sico Cl\u00ednica I\u00a0IBC I durante el\u00a0primer a\u00f1o\u00a0e\u00a0Integraci\u00f3n B\u00e1sico Cl\u00ednica II\u00a0IBC II en el\u00a0segundo a\u00f1o.\u00a0Durante los ciclos cl\u00ednicos\u00a0se ubican\u00a0Integraci\u00f3n Cl\u00ednico B\u00e1sica I\u00a0ICB I\u00a0\u00a0que se cursan durante el\u00a0sexto o s\u00e9ptimo semestre\u00a0y en el\u00a0octavo o noveno semestre\u00a0Integraci\u00f3n Cl\u00ednico B\u00e1sica II\u00a0\u00a0ICB [&hellip;]<\/p>\n","protected":false},"author":3,"featured_media":0,"parent":0,"menu_order":0,"comment_status":"closed","ping_status":"closed","template":"","meta":{"_et_pb_use_builder":"on","_et_pb_old_content":"","_et_gb_content_width":"","jetpack_post_was_ever_published":false,"footnotes":""},"class_list":["post-102","page","type-page","status-publish","hentry"],"jetpack_sharing_enabled":true,"jetpack_shortlink":"https:\/\/wp.me\/PaRPU8-1E","_links":{"self":[{"href":"https:\/\/dicim.facmed.unam.mx\/index.php\/wp-json\/wp\/v2\/pages\/102","targetHints":{"allow":["GET"]}}],"collection":[{"href":"https:\/\/dicim.facmed.unam.mx\/index.php\/wp-json\/wp\/v2\/pages"}],"about":[{"href":"https:\/\/dicim.facmed.unam.mx\/index.php\/wp-json\/wp\/v2\/types\/page"}],"author":[{"embeddable":true,"href":"https:\/\/dicim.facmed.unam.mx\/index.php\/wp-json\/wp\/v2\/users\/3"}],"replies":[{"embeddable":true,"href":"https:\/\/dicim.facmed.unam.mx\/index.php\/wp-json\/wp\/v2\/comments?post=102"}],"version-history":[{"count":27,"href":"https:\/\/dicim.facmed.unam.mx\/index.php\/wp-json\/wp\/v2\/pages\/102\/revisions"}],"predecessor-version":[{"id":10941,"href":"https:\/\/dicim.facmed.unam.mx\/index.php\/wp-json\/wp\/v2\/pages\/102\/revisions\/10941"}],"wp:attachment":[{"href":"https:\/\/dicim.facmed.unam.mx\/index.php\/wp-json\/wp\/v2\/media?parent=102"}],"curies":[{"name":"wp","href":"https:\/\/api.w.org\/{rel}","templated":true}]}}